{"id":3454,"date":"2023-11-20T18:48:46","date_gmt":"2023-11-20T23:48:46","guid":{"rendered":"https:\/\/puccha.com\/product\/pet-portrait-custom-beer-glass-with-personalized-name-pint-can-glass-tumbler-heartfelt-keepsake-novelty-cat-dog-memorial-father-day-gift-2\/"},"modified":"2023-11-20T19:43:55","modified_gmt":"2023-11-21T00:43:55","slug":"pet-portrait-custom-beer-glass-with-personalized-name-pint-can-glass-tumbler-heartfelt-keepsake-novelty-cat-dog-memorial-father-day-gift-2","status":"publish","type":"product","link":"https:\/\/puccha.com\/de\/produkt\/pet-portrait-custom-beer-glass-with-personalized-name-pint-can-glass-tumbler-heartfelt-keepsake-novelty-cat-dog-memorial-father-day-gift-2\/","title":{"rendered":"Haustierportrait, individuelles Bierglas mit personalisiertem Namen, Pint-Dosen-Glasbecher, herzliches Andenken, Neuheit, Katze, Hund, Erinnerung, Vatertagsgeschenk"},"content":{"rendered":"<p>WIE MAN BESTELLT<\/p>\n<p>1- Geben Sie bei der Bestellung den Namen Ihres Haustieres ein und w\u00e4hlen Sie die Schriftart aus, die Sie verwenden m\u00f6chten.<\/p>\n<p>2- Machen Sie an einem ausreichend beleuchteten Ort von Kopf bis Brust ein Foto Ihres Haustieres von vorne nach vorne und achten Sie darauf, dass das Bild eine hohe Aufl\u00f6sung hat. F\u00fcr ein besseres Ergebnis empfehlen wir, dass die Schnauze Ihres Haustieres nach vorne zeigt und keine Accessoires vorhanden sind.<\/p>\n<p>3- Laden Sie das Foto Ihres Haustieres \u00fcber Etsy-Nachrichten hoch oder senden Sie es uns per E-Mail an order[!at]puccha.com.<\/p>\n<p>*** Wenn Sie uns einige Optionen zusenden m\u00f6chten, helfen wir Ihnen gerne bei der Auswahl der Option, die unserer Meinung nach die beste sein wird ***<\/p>\n<p>4- Wir senden Ihnen das Muster innerhalb von 8 Stunden nach dem Kauf zu, bevor wir Ihr Pintglas bedrucken, und bitten Sie um eine Best\u00e4tigung, ob das Design Ihren Vorstellungen entspricht.<\/p>\n<p>5- Bitte erlauben Sie uns nach der Best\u00e4tigung 2 bis 5 Tage, um Ihren Artikel vorzubereiten und zu versenden.<\/p>\n<p>\u26a1\ufe0f PRODUKTBESCHREIBUNG \u26a1\ufe0f<br \/>\n* 16oz (0,473 l).<br \/>\n* Material: frosted glass.<br \/>\n* Microwave and dishwasher safe.<\/p>\n<p>\u26a0\ufe0f PFLEGEHINWEISE<br \/>\nClean in dishwasher or wash by hand with warm water and dish soap.<\/p>\n<p>  BEARBEITUNGS- UND VERSANDZEIT<br \/>\nUnsere Artikel werden auf Bestellung gefertigt. Bitte rechnen Sie mit einer Produktionszeit von 2\u20135 Werktagen.<br \/>\nDer Versand in die USA dauert bis zu 2\u20135 Werktage.<br \/>\nDer weltweite Versand dauert bis zu 10\u201320 Werktage.<\/p>\n<p>  R\u00dcCKGABERECHT<br \/>\nDa es sich um ein ma\u00dfgeschneidertes Produkt handelt, k\u00f6nnen wir leider keine R\u00fcckerstattung oder Umtausch anbieten, es sei denn, der Artikel ist besch\u00e4digt oder der Artikel wurde nie erhalten.<\/p>\n<p>&#8212;&#8212;&#8212;&#8212;&#8212;&#8212;&#8212;&#8212;-<\/p>\n<p>  Wir hoffen, dass Ihnen dieses Produkt gef\u00e4llt.<br \/>\nBitte hinterlassen Sie gerne eine Artikelbewertung!<\/p>\n<p>Bei Fragen kontaktieren Sie uns bitte direkt per Etsy-Nachricht oder per E-Mail: info[!at]puccha.com<\/p>\n<p>&#8212;&#8212;&#8212;&#8212;&#8212;&#8212;&#8212;&#8212;-<\/p>","protected":false},"excerpt":{"rendered":"<p>If you are looking for the perfect gift for the beer and pet lover in your life, we have just the right thing for you, and that is a frosted beer glass with a personalized pet portrait. The classic frosted pint glass comes customized with the portrait of your own pet. We will take the photo of your fur baby and turn it into a piece of art printed directly on this can glass. Whether you choose to add the face of your dog, cat, both, or any other animal or pet, this glass tumbler will surely become a heartfelt keepsake.<\/p>\n<p>Dieses Pintglas eignet sich nat\u00fcrlich hervorragend f\u00fcr Bier, eignet sich aber auch perfekt f\u00fcr Eiskaffee, Eistee, Milch, Wasser, Limonaden, Erfrischungsgetr\u00e4nke und leckere Sommergetr\u00e4nke, Smoothies, Milchshakes und vieles mehr. Getr\u00e4nke werden sofort schmackhafter, nur weil Sie das Portr\u00e4t Ihres Haustieres darauf haben.<\/p>\n<p>Speziell f\u00fcr Tierbesitzer und -liebhaber entwickelt, da sie individuell mit dem Gesicht Ihres eigenen Haustieres versehen sind. Sie sind ein besonderes Geschenk zum Gedenken an ein Haustier oder zum Verlust eines Haustiers und um Ihr Mitgef\u00fchl auszudr\u00fccken. Alternativ verschenken Sie es an Haustierbesitzer, Liebhaber, zum Vatertag, f\u00fcr Familienmitglieder und Freunde oder \u00fcberraschen Sie Ihre pelzigen Freunde.<\/p>","protected":false},"featured_media":3455,"comment_status":"closed","ping_status":"closed","template":"","meta":[],"product_cat":[21],"product_tag":[884,891,887,880,886,888,892,885,889,890,882,881,883],"_links":{"self":[{"href":"https:\/\/puccha.com\/de\/wp-json\/wp\/v2\/product\/3454"}],"collection":[{"href":"https:\/\/puccha.com\/de\/wp-json\/wp\/v2\/product"}],"about":[{"href":"https:\/\/puccha.com\/de\/wp-json\/wp\/v2\/types\/product"}],"replies":[{"embeddable":true,"href":"https:\/\/puccha.com\/de\/wp-json\/wp\/v2\/comments?post=3454"}],"wp:featuredmedia":[{"embeddable":true,"href":"https:\/\/puccha.com\/de\/wp-json\/wp\/v2\/media\/3455"}],"wp:attachment":[{"href":"https:\/\/puccha.com\/de\/wp-json\/wp\/v2\/media?parent=3454"}],"wp:term":[{"taxonomy":"product_cat","embeddable":true,"href":"https:\/\/puccha.com\/de\/wp-json\/wp\/v2\/product_cat?post=3454"},{"taxonomy":"product_tag","embeddable":true,"href":"https:\/\/puccha.com\/de\/wp-json\/wp\/v2\/product_tag?post=3454"}],"curies":[{"name":"wp","href":"https:\/\/api.w.org\/{rel}","templated":true}]}}