{"id":3384,"date":"2023-11-20T18:39:47","date_gmt":"2023-11-20T23:39:47","guid":{"rendered":"https:\/\/puccha.com\/product\/pet-photo-personalized-christmas-mug-with-custom-name-dog-cat-bunny-hamster-fur-baby-holiday-festive-xmas-gift-for-cat-dog-mom-dad-owner-2\/"},"modified":"2023-11-20T18:48:02","modified_gmt":"2023-11-20T23:48:02","slug":"pet-photo-personalized-christmas-mug-with-custom-name-dog-cat-bunny-hamster-fur-baby-holiday-festive-xmas-gift-for-cat-dog-mom-dad-owner-2","status":"publish","type":"product","link":"https:\/\/puccha.com\/de\/produkt\/pet-photo-personalized-christmas-mug-with-custom-name-dog-cat-bunny-hamster-fur-baby-holiday-festive-xmas-gift-for-cat-dog-mom-dad-owner-2\/","title":{"rendered":"Haustier-Foto, personalisierte Weihnachtstasse mit individuellem Namen, Hund, Katze, Hase, Hamster, Fell, Baby, Urlaub, festliches Weihnachtsgeschenk f\u00fcr Katze, Hund, Mutter, Vater, Besitzer"},"content":{"rendered":"<p>WIE MAN BESTELLT<\/p>\n<p>1- Geben Sie bei der Bestellung den Namen Ihres Haustieres ein und w\u00e4hlen Sie die Schriftart aus, die Sie verwenden m\u00f6chten.<\/p>\n<p>2- Machen Sie an einem ausreichend beleuchteten Ort von Kopf bis Brust ein Foto Ihres Haustieres von vorne nach vorne und achten Sie darauf, dass das Bild eine hohe Aufl\u00f6sung hat. F\u00fcr ein besseres Ergebnis empfehlen wir, dass die Schnauze Ihres Haustieres nach vorne zeigt und keine Accessoires vorhanden sind.<\/p>\n<p>3- Laden Sie das Foto Ihres Haustieres \u00fcber Etsy-Nachrichten hoch oder senden Sie es uns per E-Mail an order[!at]puccha.com.<br \/>\n*** Wenn Sie uns einige Optionen zusenden m\u00f6chten, helfen wir Ihnen gerne bei der Auswahl der Option, die unserer Meinung nach die beste sein wird ***<\/p>\n<p>4- We will send you the sample within 8 hours after of your purchase before printing your mug and will ask you to confirm if the design satisfies you.<\/p>\n<p>5- Bitte erlauben Sie uns nach der Best\u00e4tigung 2 bis 5 Tage, um Ihren Artikel vorzubereiten und zu versenden.<\/p>\n<p>\u26a1\ufe0f PRODUKTBESCHREIBUNG \u26a1\ufe0f<br \/>\n* Ceramic.<br \/>\n* 11 oz mug dimensions: 3.79\u2033 (9.6 cm) in height, 3.25\u2033 (8.3 cm) in diameter.<br \/>\n* Dishwasher and microwave safe.<\/p>\n<p>\u26a0\ufe0f PFLEGEHINWEISE<br \/>\nClean in dishwasher or wash by hand with warm water and dish soap.<\/p>\n<p>  BEARBEITUNGS- UND VERSANDZEIT<br \/>\nUnsere Artikel werden auf Bestellung gefertigt. Bitte rechnen Sie mit einer Produktionszeit von 2\u20135 Werktagen.<br \/>\nDer Versand in die USA dauert bis zu 2\u20135 Werktage.<br \/>\nDer weltweite Versand dauert bis zu 10\u201315 Werktage.<\/p>\n<p>  R\u00dcCKGABERECHT<br \/>\nDa es sich um ein ma\u00dfgeschneidertes Produkt handelt, k\u00f6nnen wir leider keine R\u00fcckerstattung oder Umtausch anbieten, es sei denn, der Artikel ist besch\u00e4digt oder der Artikel wurde nie erhalten.<\/p>\n<p>&#8212;&#8212;&#8212;&#8212;&#8212;&#8212;&#8212;&#8212;-<\/p>\n<p>  Wir hoffen, dass Ihnen dieses Produkt gef\u00e4llt.<br \/>\nBitte hinterlassen Sie gerne eine Artikelbewertung!<\/p>\n<p>Bei Fragen kontaktieren Sie uns bitte direkt per Etsy-Nachricht oder per E-Mail: info[!at]puccha.com<\/p>\n<p>&#8212;&#8212;&#8212;&#8212;&#8212;&#8212;&#8212;&#8212;-<\/p>","protected":false},"excerpt":{"rendered":"<p>Start your every morning with a smile by turning your pet photo to a portrait on a mug. Show your love to your pet by drinking coffee in this personalized Christmas mug and reminisce on all the sweet memories you share with your four-legged best friend. Super cute and fun mugs entirely customized and personalized. You will get one of a kind mug, 11 oz custom-made with a high-quality ceramic material to make as a beautiful keepsake for your pet!<\/p>\n<p>This festive mug features your pet&#8217;s portrait and name, and it can be customized with any pet, dog, cat, hamster, and even your favorite animal. The mug features the portrait of your own furry baby with Santa\u2019s hat.<\/p>\n<p>The mugs are perfect for gifts, treats, smaller toys, and Christmas goodies for your pets. Use it to add your pet\u2019s Christmas gifts, as a holiday keepsake, or as a memorial piece to always keep for your pet a place in the holiday set up.<\/p>","protected":false},"featured_media":3385,"comment_status":"closed","ping_status":"closed","template":"","meta":[],"product_cat":[15,20],"product_tag":[624,851,620,639,737,627,626,625,621,634,623,633,852],"_links":{"self":[{"href":"https:\/\/puccha.com\/de\/wp-json\/wp\/v2\/product\/3384"}],"collection":[{"href":"https:\/\/puccha.com\/de\/wp-json\/wp\/v2\/product"}],"about":[{"href":"https:\/\/puccha.com\/de\/wp-json\/wp\/v2\/types\/product"}],"replies":[{"embeddable":true,"href":"https:\/\/puccha.com\/de\/wp-json\/wp\/v2\/comments?post=3384"}],"wp:featuredmedia":[{"embeddable":true,"href":"https:\/\/puccha.com\/de\/wp-json\/wp\/v2\/media\/3385"}],"wp:attachment":[{"href":"https:\/\/puccha.com\/de\/wp-json\/wp\/v2\/media?parent=3384"}],"wp:term":[{"taxonomy":"product_cat","embeddable":true,"href":"https:\/\/puccha.com\/de\/wp-json\/wp\/v2\/product_cat?post=3384"},{"taxonomy":"product_tag","embeddable":true,"href":"https:\/\/puccha.com\/de\/wp-json\/wp\/v2\/product_tag?post=3384"}],"curies":[{"name":"wp","href":"https:\/\/api.w.org\/{rel}","templated":true}]}}