{"id":3377,"date":"2023-11-20T18:38:52","date_gmt":"2023-11-20T23:38:52","guid":{"rendered":"https:\/\/puccha.com\/product\/custom-pet-portrait-pin-button-badge-personalized-pet-pinback-badge-in-memory-of-dog-loss-pet-birthday-gift-for-cat-dog-mom-dad-owner-2\/"},"modified":"2023-11-20T18:48:07","modified_gmt":"2023-11-20T23:48:07","slug":"custom-pet-portrait-pin-button-badge-personalized-pet-pinback-badge-in-memory-of-dog-loss-pet-birthday-gift-for-cat-dog-mom-dad-owner-2","status":"publish","type":"product","link":"https:\/\/puccha.com\/de\/produkt\/custom-pet-portrait-pin-button-badge-personalized-pet-pinback-badge-in-memory-of-dog-loss-pet-birthday-gift-for-cat-dog-mom-dad-owner-2\/","title":{"rendered":"Personalisierter Anstecknadel-Anstecker mit Haustierportrait, personalisierter Anstecknadel-Anstecker f\u00fcr Haustiere, zum Gedenken an den Hundeverlust, Haustier-Geburtstagsgeschenk f\u00fcr Katzen-Hunde-Mama-Papa-Besitzer"},"content":{"rendered":"<p>WIE MAN BESTELLT<\/p>\n<p>1- Geben Sie bei der Bestellung den Namen Ihres Haustieres ein und w\u00e4hlen Sie die Schriftart aus, die Sie verwenden m\u00f6chten.<\/p>\n<p>2- Machen Sie an einem ausreichend beleuchteten Ort von Kopf bis Brust ein Foto Ihres Haustieres von vorne nach vorne und achten Sie darauf, dass das Bild eine hohe Aufl\u00f6sung hat. F\u00fcr ein besseres Ergebnis empfehlen wir, dass die Schnauze Ihres Haustieres nach vorne zeigt und keine Accessoires vorhanden sind.<\/p>\n<p>3- Laden Sie das Foto Ihres Haustieres \u00fcber Etsy-Nachrichten hoch oder senden Sie es uns per E-Mail an order[!at]puccha.com.<br \/>\n*** Wenn Sie uns einige Optionen zusenden m\u00f6chten, helfen wir Ihnen gerne bei der Auswahl der Option, die unserer Meinung nach die beste sein wird ***<\/p>\n<p>4- Wir senden Ihnen das Muster innerhalb von 8 Stunden nach dem Kauf zu, bevor wir Ihr Anstecknadel-Abzeichen drucken, und bitten Sie um eine Best\u00e4tigung, ob das Design Ihren Vorstellungen entspricht.<\/p>\n<p>5- Bitte erlauben Sie uns nach der Best\u00e4tigung 2 bis 5 Tage, um Ihren Artikel vorzubereiten und zu versenden.<\/p>\n<p>\u26a1\ufe0f PRODUKTBESCHREIBUNG \u26a1\ufe0f<br \/>\n* 3 Gr\u00f6\u00dfen \u2013 (1,25\u2033 \u2013 2,25\u2033 \u2013 3\u2033)<br \/>\n*Gl\u00e4nzende Oberfl\u00e4che \u2013 Vollfarbige Dekoration auf einer Seite mit gl\u00e4nzender Oberfl\u00e4che.<br \/>\n*Sicherheitsnadel-R\u00fcckseite \u2013 Auf der R\u00fcckseite der Nadel ist eine traditionelle Sicherheitsnadel aus robustem Stahl angebracht.<\/p>\n<p>\u26a0\ufe0f PFLEGEHINWEISE<br \/>\nWischen Sie Staub und Schmutz vorsichtig mit einem sauberen, trockenen Tuch ab.<\/p>\n<p>  BEARBEITUNGS- UND VERSANDZEIT<br \/>\nUnsere Artikel werden auf Bestellung gefertigt. Bitte rechnen Sie mit einer Produktionszeit von 2\u20135 Werktagen.<br \/>\nDer Versand in die USA dauert bis zu 2\u20135 Werktage.<br \/>\nDer weltweite Versand dauert bis zu 10\u201320 Werktage.<\/p>\n<p>  R\u00dcCKGABERECHT<br \/>\nDa es sich um ein ma\u00dfgeschneidertes Produkt handelt, k\u00f6nnen wir leider keine R\u00fcckerstattung oder Umtausch anbieten, es sei denn, der Artikel ist besch\u00e4digt oder der Artikel wurde nie erhalten.<\/p>\n<p>&#8212;&#8212;&#8212;&#8212;&#8212;&#8212;&#8212;&#8212;-<\/p>\n<p>  Wir hoffen, dass Ihnen dieses Produkt gef\u00e4llt.<br \/>\nBitte hinterlassen Sie gerne eine Artikelbewertung!<\/p>\n<p>Bei Fragen kontaktieren Sie uns bitte direkt per Etsy-Nachricht oder per E-Mail: info[!at]puccha.com<\/p>\n<p>&#8212;&#8212;&#8212;&#8212;&#8212;&#8212;&#8212;&#8212;-<\/p>","protected":false},"excerpt":{"rendered":"<p>This is a made to order custom pet portrait pin button badge with your animal friend\u2019s picture on it.<\/p>\n<p>\u2728 Dieses zierliche St\u00fcck zeigt das Portr\u00e4t und den Namen Ihres Haustieres! Seine zarten, aber bezaubernden Gef\u00fchle machen es zum perfekten Geschenk f\u00fcr alle Tierliebhaber auf Ihrer Liste und k\u00f6nnen ein tolles Erinnerungsst\u00fcck sein, das seinem beabsichtigten Tr\u00e4ger mit Sicherheit ein L\u00e4cheln ins Gesicht zaubert.<\/p>","protected":false},"featured_media":3378,"comment_status":"closed","ping_status":"closed","template":"","meta":[],"product_cat":[39],"product_tag":[845,847,841,850,846,715,844,842,848,687,843,623,849],"_links":{"self":[{"href":"https:\/\/puccha.com\/de\/wp-json\/wp\/v2\/product\/3377"}],"collection":[{"href":"https:\/\/puccha.com\/de\/wp-json\/wp\/v2\/product"}],"about":[{"href":"https:\/\/puccha.com\/de\/wp-json\/wp\/v2\/types\/product"}],"replies":[{"embeddable":true,"href":"https:\/\/puccha.com\/de\/wp-json\/wp\/v2\/comments?post=3377"}],"wp:featuredmedia":[{"embeddable":true,"href":"https:\/\/puccha.com\/de\/wp-json\/wp\/v2\/media\/3378"}],"wp:attachment":[{"href":"https:\/\/puccha.com\/de\/wp-json\/wp\/v2\/media?parent=3377"}],"wp:term":[{"taxonomy":"product_cat","embeddable":true,"href":"https:\/\/puccha.com\/de\/wp-json\/wp\/v2\/product_cat?post=3377"},{"taxonomy":"product_tag","embeddable":true,"href":"https:\/\/puccha.com\/de\/wp-json\/wp\/v2\/product_tag?post=3377"}],"curies":[{"name":"wp","href":"https:\/\/api.w.org\/{rel}","templated":true}]}}