{"id":3345,"date":"2023-11-20T18:24:54","date_gmt":"2023-11-20T23:24:54","guid":{"rendered":"https:\/\/puccha.com\/product\/custom-pet-photo-sweatshirt-with-name-personalized-dog-cat-bunny-hamster-owner-sweater-mom-dad-comfy-sports-jumper-pet-loss-memorial-gift-2\/"},"modified":"2023-11-20T18:37:15","modified_gmt":"2023-11-20T23:37:15","slug":"custom-pet-photo-sweatshirt-with-name-personalized-dog-cat-bunny-hamster-owner-sweater-mom-dad-comfy-sports-jumper-pet-loss-memorial-gift-2","status":"publish","type":"product","link":"https:\/\/puccha.com\/de\/produkt\/custom-pet-photo-sweatshirt-with-name-personalized-dog-cat-bunny-hamster-owner-sweater-mom-dad-comfy-sports-jumper-pet-loss-memorial-gift-2\/","title":{"rendered":"Personalisiertes Haustier-Foto-Sweatshirt mit Namen, personalisierter Pullover f\u00fcr Hund, Katze, Hase, Hamster, Besitzer, Mama, Papa, bequemer Sportpullover, Haustier-Verlust-Erinnerungsgeschenk"},"content":{"rendered":"<p>\u26a1\ufe0f PRODUKTBESCHREIBUNG \u26a1\ufe0f<br \/>\n* Personalized sweatshirt<br \/>\n* Entwickelt f\u00fcr Tierliebhaber<br \/>\n* Regular Fit \u2013 Standard length, the fabric easily gives into movement.<br \/>\n* The air-jet spun yarn and quarter-turned fabric helps eliminate creases and pilling, while the mix of cotton and polyester creates a soft and comfortable feel.<br \/>\n* Cozy, comfortable sports apparel<br \/>\n* 50% cotton, 50% polyester.<br \/>\n* Air-jet spun yarn with a soft feel and reduced pilling.<br \/>\n  WIE MAN BESTELLT<br \/>\n1- Geben Sie bei der Bestellung den Namen Ihres Haustieres ein und w\u00e4hlen Sie die Schriftart aus, die Sie verwenden m\u00f6chten.<br \/>\n2- Machen Sie an einem ausreichend beleuchteten Ort von Kopf bis Brust ein Foto Ihres Haustieres von vorne nach vorne und achten Sie darauf, dass das Bild eine hohe Aufl\u00f6sung hat. F\u00fcr ein besseres Ergebnis empfehlen wir, dass die Schnauze Ihres Haustieres nach vorne zeigt und keine Accessoires vorhanden sind.<br \/>\n3- Laden Sie das Foto Ihres Haustieres \u00fcber Etsy-Nachrichten hoch oder senden Sie es uns per E-Mail an order[!at]puccha.com.<br \/>\n*** Wenn Sie uns einige Optionen zusenden m\u00f6chten, helfen wir Ihnen gerne bei der Auswahl der Option, die unserer Meinung nach die beste sein wird ***<br \/>\n4- We will send you the sample within 12 hours after of your purchase before printing your sweatshirt and will ask you to confirm if the design satisfies you.<br \/>\n5- Bitte erlauben Sie uns nach der Best\u00e4tigung 2 bis 5 Tage, um Ihren Artikel vorzubereiten und zu versenden.<br \/>\n*** Um mehr als einen Aufdruck auf Ihrem Produkt zu haben, beschreiben Sie Ihre Tierfreunde (Tierart und Name) im Personalisierungsfeld und erwerben Sie beim Kauf dieses Produkts unser \u201eZus\u00e4tzliches Haustier-Add-On\u201c f\u00fcr jedes weitere Haustier der Link unten:<br \/>\n  https:\/\/etsy.me\/3KhY68f (Zus\u00e4tzliches Haustier-Add-On)<br \/>\nZum Beispiel:<br \/>\nWenn Sie Ihre 3 verschiedenen Tierfreunde auf Ihr Produkt drucken lassen m\u00f6chten, m\u00fcssen Sie jede ihrer Arten und Namen in das \u201ePersonalisierungsfeld\u201c schreiben und dann unter \u201eZus\u00e4tzliches Haustier-Add-On\u201c die Menge von 2 ausw\u00e4hlen.<br \/>\n\u26a0\ufe0f PFLEGEHINWEISE<br \/>\n* Machine wash cold, inside-out, gentle cycle with mild detergent and similar colors. * Use non-chlorine bleach, only when necessary. No fabric softeners.<br \/>\n* Tumble dry low, or hang-dry for longest life.<br \/>\n* Cool iron inside-out if necessary. Do not iron decoration.<br \/>\n* Do not dry clean.<br \/>\n  SIZING<br \/>\nThis custom product is unisex. Please refer to our size chart in the photos.<br \/>\n  BEARBEITUNGS- UND VERSANDZEIT<br \/>\nUnsere Artikel werden auf Bestellung gefertigt. Bitte rechnen Sie mit einer Produktionszeit von 2\u20135 Werktagen.<br \/>\nDer Versand in die USA dauert bis zu 2\u20135 Werktage.<br \/>\nCanada shipping takes up to 1-2 weeks<br \/>\nWorldwide shipping takes up to 15-20 business days.<br \/>\n  R\u00dcCKGABERECHT<br \/>\nDa es sich um ein ma\u00dfgeschneidertes Produkt handelt, k\u00f6nnen wir leider keine R\u00fcckerstattung oder Umtausch anbieten, es sei denn, der Artikel ist besch\u00e4digt oder der Artikel wurde nie erhalten.<br \/>\n&#8212;&#8212;&#8212;&#8212;&#8212;&#8212;&#8212;&#8212;-<br \/>\n  Wir hoffen, dass Ihnen dieses Produkt gef\u00e4llt.<br \/>\nBitte hinterlassen Sie gerne eine Artikelbewertung!<br \/>\nBei Fragen kontaktieren Sie uns bitte direkt per Etsy-Nachricht oder per E-Mail: info[!at]puccha.com<br \/>\n&#8212;&#8212;&#8212;&#8212;&#8212;&#8212;&#8212;&#8212;-<\/p>","protected":false},"excerpt":{"rendered":"<p>Proudly flaunt the cuteness of your pet with our personalized sweatshirts. You will get one of a kind sweatshirt, custom-made from high-quality fabric, that is cozy and comfy but comes with sentimental value. This sports jumper features a portrait of your pet and its name below it. This can be any pet portrait, whatever animal you love the most, and can be customized for dog, cat, horse, hamster owners, and more. Enjoy your day with a smile by turning your pet&#8217;s photo into a portrait on a sweatshirt.<br \/>\nTurn your favorite pet photo into an illustration printed directly on this pullover. The pet lovers&#8217; apparel will reminisce on all the sweet memories you share with your four-legged best friend. Whether you have a new pet that you just adopted or wish to commemorate the memory of a pet that has passed over the rainbow bridge<br \/>\nBeat the cold with this premium crewneck sentimental pullover. Buy it for yourself or gift it. Our personalized pet portrait sweatshirts are available with several pet choices that make them a great gift in memory of your pet, pet birthday, pet loss, pet remembrance, or pet owner.<\/p>","protected":false},"featured_media":3346,"comment_status":"closed","ping_status":"closed","template":"","meta":[],"product_cat":[19],"product_tag":[826,827,778,820,825,821,824,829,823,679,777,822,828],"_links":{"self":[{"href":"https:\/\/puccha.com\/de\/wp-json\/wp\/v2\/product\/3345"}],"collection":[{"href":"https:\/\/puccha.com\/de\/wp-json\/wp\/v2\/product"}],"about":[{"href":"https:\/\/puccha.com\/de\/wp-json\/wp\/v2\/types\/product"}],"replies":[{"embeddable":true,"href":"https:\/\/puccha.com\/de\/wp-json\/wp\/v2\/comments?post=3345"}],"wp:featuredmedia":[{"embeddable":true,"href":"https:\/\/puccha.com\/de\/wp-json\/wp\/v2\/media\/3346"}],"wp:attachment":[{"href":"https:\/\/puccha.com\/de\/wp-json\/wp\/v2\/media?parent=3345"}],"wp:term":[{"taxonomy":"product_cat","embeddable":true,"href":"https:\/\/puccha.com\/de\/wp-json\/wp\/v2\/product_cat?post=3345"},{"taxonomy":"product_tag","embeddable":true,"href":"https:\/\/puccha.com\/de\/wp-json\/wp\/v2\/product_tag?post=3345"}],"curies":[{"name":"wp","href":"https:\/\/api.w.org\/{rel}","templated":true}]}}