{"id":3258,"date":"2023-11-20T18:12:41","date_gmt":"2023-11-20T23:12:41","guid":{"rendered":"https:\/\/puccha.com\/product\/personalized-pillow-with-pet-portrait-and-name-dog-puppy-cat-bunny-whimsical-cushion-for-pet-lover-owner-home-accessory-customized-gift-2\/"},"modified":"2023-11-20T18:49:19","modified_gmt":"2023-11-20T23:49:19","slug":"personalized-pillow-with-pet-portrait-and-name-dog-puppy-cat-bunny-whimsical-cushion-for-pet-lover-owner-home-accessory-customized-gift-2","status":"publish","type":"product","link":"https:\/\/puccha.com\/de\/produkt\/personalized-pillow-with-pet-portrait-and-name-dog-puppy-cat-bunny-whimsical-cushion-for-pet-lover-owner-home-accessory-customized-gift-2\/","title":{"rendered":"Personalisiertes Kissen mit HAUSTIERPORTR\u00c4T und NAMEN Hund Welpe Katze Hase Skurriles Kissen f\u00fcr Haustierliebhaber Besitzer Wohnaccessoire Individuelles Geschenk"},"content":{"rendered":"<p>\u26a1\ufe0f PRODUKTBESCHREIBUNG \u26a1\ufe0f<\/p>\n<p>* 100% Spun polyester &#8211; Made from spun polyester threads, it retains its shape, doesn&#8217;t wrinkle, and doesn&#8217;t require ironing.<br \/>\n* Beige plastic zipper with metal head &#8211; The beige zipper will look great together with your design.<br \/>\n* Concealed zipper.<\/p>\n<p>  WIE MAN BESTELLT<\/p>\n<p>1- Geben Sie bei der Bestellung den Namen Ihres Haustieres ein und w\u00e4hlen Sie die Schriftart aus, die Sie verwenden m\u00f6chten.<\/p>\n<p>2- Machen Sie an einem ausreichend beleuchteten Ort von Kopf bis Brust ein Foto Ihres Haustieres von vorne nach vorne und achten Sie darauf, dass das Bild eine hohe Aufl\u00f6sung hat. F\u00fcr ein besseres Ergebnis empfehlen wir, dass die Schnauze Ihres Haustieres nach vorne zeigt und keine Accessoires vorhanden sind.<\/p>\n<p>3- Laden Sie das Foto Ihres Haustieres \u00fcber Etsy-Nachrichten hoch oder senden Sie es uns per E-Mail an order[!at]puccha.com.<br \/>\n*** Wenn Sie uns einige Optionen zusenden m\u00f6chten, helfen wir Ihnen gerne bei der Auswahl der Option, die unserer Meinung nach die beste sein wird ***<\/p>\n<p>4- We will send you the sample within 12 hours after of your purchase before printing your pillow and will ask you to confirm if the design satisfies you.<\/p>\n<p>5- Bitte erlauben Sie uns nach der Best\u00e4tigung 2 bis 5 Tage, um Ihren Artikel vorzubereiten und zu versenden.<\/p>\n<p>\u26a0\ufe0f PFLEGEHINWEISE<br \/>\nRemove the pillow cover. Pre-treat the stains with soft cloth or bristle brush that had been soaked in warm soapy water. Machine wash, max 40\u00b0C (104\u00b0F), normal cycle. Do not bleach, do not tumble dry, do not dry-clean. Iron, steam, or dry low heat only. Fluff to reshape when assembling it back together.<\/p>\n<p>  BEARBEITUNGS- UND VERSANDZEIT<br \/>\nUnsere Artikel werden auf Bestellung gefertigt. Bitte rechnen Sie mit einer Produktionszeit von 2\u20135 Werktagen.<br \/>\nDer Versand in die USA dauert bis zu 2\u20135 Werktage.<br \/>\nWorldwide shipping takes up to 3-10 business days.<\/p>\n<p>  R\u00dcCKGABERECHT<br \/>\nDa es sich um ein ma\u00dfgeschneidertes Produkt handelt, k\u00f6nnen wir leider keine R\u00fcckerstattung oder Umtausch anbieten, es sei denn, der Artikel ist besch\u00e4digt oder der Artikel wurde nie erhalten.<\/p>\n<p>&#8212;&#8212;&#8212;&#8212;&#8212;&#8212;&#8212;&#8212;-<\/p>\n<p>  Wir hoffen, dass Ihnen dieses Produkt gef\u00e4llt.<br \/>\nBitte hinterlassen Sie gerne eine Artikelbewertung!<\/p>\n<p>Bei Fragen kontaktieren Sie uns bitte direkt per Etsy-Nachricht oder per E-Mail: info[!at]puccha.com<\/p>\n<p>&#8212;&#8212;&#8212;&#8212;&#8212;&#8212;&#8212;&#8212;-<\/p>","protected":false},"excerpt":{"rendered":"<p>Style the interior of your home with a whimsical pillow that is customized with the portrait of your pet. Premium quality, gorgeous throw pillows sold in a selection of fun colors. Each pillow is personalized with the portrait, and the face of your beloved animal, you can even add more than one pet. Besides having printed on it the face of your pet you can also add their name, for an ultimate heartfelt touch. The personalized pillows can feature the portrait of any pet or animal, may that be a cat, kitten, dog, puppy, bunny, or any other animal.<\/p>\n<p>Specially designed for pet owners and lovers since they come customized with the face of your own pet. They make a special gift for a pet memorial or pet loss, and to share your sympathy. Alternatively gift it to pet owners, lovers, for family members, and friends, or surprise your furry friends.<\/p>","protected":false},"featured_media":3259,"comment_status":"closed","ping_status":"closed","template":"","meta":[],"product_cat":[24],"product_tag":[793,669,798,797,789,796,679,791,790,792,794,799,795],"_links":{"self":[{"href":"https:\/\/puccha.com\/de\/wp-json\/wp\/v2\/product\/3258"}],"collection":[{"href":"https:\/\/puccha.com\/de\/wp-json\/wp\/v2\/product"}],"about":[{"href":"https:\/\/puccha.com\/de\/wp-json\/wp\/v2\/types\/product"}],"replies":[{"embeddable":true,"href":"https:\/\/puccha.com\/de\/wp-json\/wp\/v2\/comments?post=3258"}],"wp:featuredmedia":[{"embeddable":true,"href":"https:\/\/puccha.com\/de\/wp-json\/wp\/v2\/media\/3259"}],"wp:attachment":[{"href":"https:\/\/puccha.com\/de\/wp-json\/wp\/v2\/media?parent=3258"}],"wp:term":[{"taxonomy":"product_cat","embeddable":true,"href":"https:\/\/puccha.com\/de\/wp-json\/wp\/v2\/product_cat?post=3258"},{"taxonomy":"product_tag","embeddable":true,"href":"https:\/\/puccha.com\/de\/wp-json\/wp\/v2\/product_tag?post=3258"}],"curies":[{"name":"wp","href":"https:\/\/api.w.org\/{rel}","templated":true}]}}