{"id":3230,"date":"2023-11-20T18:08:53","date_gmt":"2023-11-20T23:08:53","guid":{"rendered":"https:\/\/puccha.com\/product\/personalized-pet-face-t-shirt-with-name-trendy-comfy-summer-shirt-for-dog-owner-mom-dad-in-memory-of-dogs-loss-of-a-pet-gift-2\/"},"modified":"2023-11-20T18:50:01","modified_gmt":"2023-11-20T23:50:01","slug":"personalized-pet-face-t-shirt-with-name-trendy-comfy-summer-shirt-for-dog-owner-mom-dad-in-memory-of-dogs-loss-of-a-pet-gift-2","status":"publish","type":"product","link":"https:\/\/puccha.com\/de\/produkt\/personalized-pet-face-t-shirt-with-name-trendy-comfy-summer-shirt-for-dog-owner-mom-dad-in-memory-of-dogs-loss-of-a-pet-gift-2\/","title":{"rendered":"Personalisiertes Haustier-Gesichts-T-Shirt mit Namen, trendiges, bequemes Sommer-Shirt f\u00fcr Hundebesitzer-Mama und -Papa, zum Gedenken an Hunde, Geschenk zum Verlust eines Haustiers"},"content":{"rendered":"<p>WIE MAN BESTELLT<\/p>\n<p>1- Geben Sie bei der Bestellung den Namen Ihres Haustieres ein und w\u00e4hlen Sie die Schriftart aus, die Sie verwenden m\u00f6chten.<\/p>\n<p>2- Machen Sie an einem ausreichend beleuchteten Ort von Kopf bis Brust ein Foto Ihres Haustieres von vorne nach vorne und achten Sie darauf, dass das Bild eine hohe Aufl\u00f6sung hat. F\u00fcr ein besseres Ergebnis empfehlen wir, dass die Schnauze Ihres Haustieres nach vorne zeigt und keine Accessoires vorhanden sind.<\/p>\n<p>3- Laden Sie das Foto Ihres Haustieres \u00fcber Etsy-Nachrichten hoch oder senden Sie es uns per E-Mail an order[!at]puccha.com.<br \/>\n*** Wenn Sie uns einige Optionen zusenden m\u00f6chten, helfen wir Ihnen gerne bei der Auswahl der Option, die unserer Meinung nach die beste sein wird ***<\/p>\n<p>4- We will send you the sample within 12 hours after of your purchase before printing your T-shirt and will ask you to confirm if the design satisfies you.<\/p>\n<p>5- Bitte erlauben Sie uns nach der Best\u00e4tigung 2 bis 5 Tage, um Ihren Artikel vorzubereiten und zu versenden.<\/p>\n<p>*** Um mehr als einen Aufdruck auf Ihrem Produkt zu haben, beschreiben Sie Ihre Tierfreunde (Tierart und Name) im Personalisierungsfeld und erwerben Sie beim Kauf dieses Produkts unser \u201eZus\u00e4tzliches Haustier-Add-On\u201c f\u00fcr jedes weitere Haustier der Link unten:<\/p>\n<p>  https:\/\/etsy.me\/3KhY68f (Zus\u00e4tzliches Haustier-Add-On)<\/p>\n<p>Zum Beispiel:<br \/>\nWenn Sie Ihre 3 verschiedenen Tierfreunde auf Ihr Produkt drucken lassen m\u00f6chten, m\u00fcssen Sie jede ihrer Arten und Namen in das \u201ePersonalisierungsfeld\u201c schreiben und dann unter \u201eZus\u00e4tzliches Haustier-Add-On\u201c die Menge von 2 ausw\u00e4hlen.<\/p>\n<p>\u26a1\ufe0f PRODUKTBESCHREIBUNG \u26a1\ufe0f<br \/>\n* Regular Fit \u2013 Standard length, the fabric easily gives into movement<br \/>\n* Unisex Staple T-Shirt feels soft and light with just the right amount of stretch.<br \/>\n* Comfortable and flattering for all.<br \/>\n* Apparel is made using airlume combed and ring-spun cotton, which is famous for its durability and extra softness.<br \/>\n* Solid colors are 100% Airlume combed and ring-spun cotton.<br \/>\n* Ash color is 99% combed and ring-spun cotton, 1% polyester.<br \/>\n* Heather colors are 52% combed and ring-spun cotton, 48% polyester.<br \/>\n* Athletic and Black Heather are 90% combed and ring-spun cotton, 10% polyester.<br \/>\n* Heather Prism colors are 99% combed and ring-spun cotton, 1% polyester.<\/p>\n<p>\u26a0\ufe0f PFLEGEHINWEISE<br \/>\n* Machine wash cold, inside-out, gentle cycle with mild detergent and similar colors.<br \/>\n* Use non-chlorine bleach, only when necessary. No fabric softeners.<br \/>\n* Tumble dry low, or hang-dry for longest life.<br \/>\n* Cool iron inside-out if necessary. Do not iron decoration.<br \/>\n* Do not dry clean.<\/p>\n<p>  SIZING<br \/>\nThis custom product is unisex. Please refer to our size chart in the photos.<\/p>\n<p>  BEARBEITUNGS- UND VERSANDZEIT<br \/>\nOur items are made to order. Please allow 2-5 business days for production and 3-5 business days for shipping.<\/p>\n<p>  R\u00dcCKGABERECHT<br \/>\nDa es sich um ein ma\u00dfgeschneidertes Produkt handelt, k\u00f6nnen wir leider keine R\u00fcckerstattung oder Umtausch anbieten, es sei denn, der Artikel ist besch\u00e4digt oder der Artikel wurde nie erhalten.<\/p>\n<p>&#8212;&#8212;&#8212;&#8212;&#8212;&#8212;&#8212;&#8212;-<\/p>\n<p>  Wir hoffen, dass Ihnen dieses Produkt gef\u00e4llt.<br \/>\nBitte hinterlassen Sie gerne eine Artikelbewertung!<\/p>\n<p>Bei Fragen kontaktieren Sie uns bitte direkt per Etsy-Nachricht oder per E-Mail: info[!at]puccha.com<\/p>\n<p>&#8212;&#8212;&#8212;&#8212;&#8212;&#8212;&#8212;&#8212;-<\/p>","protected":false},"excerpt":{"rendered":"<p>\u2728 Enjoy your day with a smile by turning your pet&#8217;s photo to a portrait on a t shirt. Show your love to your pet by wearing this personalized pet portrait t shirt and reminisce on all the sweet memories you share with your four-legged best friend. You will get one of a kind shirt, custom-made with a high-quality ring-spun cotton material to make as a beautiful keepsake for your pet! Our personalized pet portrait t shirts are available with a number of pet choices that makes them a great gift in memory of your pet, pet birthday, pet loss, pet remembrance, or pet owner.<\/p>\n<p>\u2728 Ring-spun cotton yarn is made by twisting and thinning the cotton strands to make a very fine, strong, soft rope of cotton fibers. Ring-spun cotton t-shirts are more durable and last longer.<\/p>","protected":false},"featured_media":3231,"comment_status":"closed","ping_status":"closed","template":"","meta":[],"product_cat":[18],"product_tag":[766,769,632,764,767,760,758,765,762,761,759,763,768],"_links":{"self":[{"href":"https:\/\/puccha.com\/de\/wp-json\/wp\/v2\/product\/3230"}],"collection":[{"href":"https:\/\/puccha.com\/de\/wp-json\/wp\/v2\/product"}],"about":[{"href":"https:\/\/puccha.com\/de\/wp-json\/wp\/v2\/types\/product"}],"replies":[{"embeddable":true,"href":"https:\/\/puccha.com\/de\/wp-json\/wp\/v2\/comments?post=3230"}],"wp:featuredmedia":[{"embeddable":true,"href":"https:\/\/puccha.com\/de\/wp-json\/wp\/v2\/media\/3231"}],"wp:attachment":[{"href":"https:\/\/puccha.com\/de\/wp-json\/wp\/v2\/media?parent=3230"}],"wp:term":[{"taxonomy":"product_cat","embeddable":true,"href":"https:\/\/puccha.com\/de\/wp-json\/wp\/v2\/product_cat?post=3230"},{"taxonomy":"product_tag","embeddable":true,"href":"https:\/\/puccha.com\/de\/wp-json\/wp\/v2\/product_tag?post=3230"}],"curies":[{"name":"wp","href":"https:\/\/api.w.org\/{rel}","templated":true}]}}