{"id":3188,"date":"2023-11-20T18:03:24","date_gmt":"2023-11-20T23:03:24","guid":{"rendered":"https:\/\/puccha.com\/product\/pet-portrait-custom-sweatshirt-cat-dog-owner-sweater-lost-a-pet-gift-my-pet-on-a-shirt-pet-photo-sweatshirt-with-name-for-mom-dad-2\/"},"modified":"2023-11-20T18:37:50","modified_gmt":"2023-11-20T23:37:50","slug":"pet-portrait-custom-sweatshirt-cat-dog-owner-sweater-lost-a-pet-gift-my-pet-on-a-shirt-pet-photo-sweatshirt-with-name-for-mom-dad-2","status":"publish","type":"product","link":"https:\/\/puccha.com\/de\/produkt\/pet-portrait-custom-sweatshirt-cat-dog-owner-sweater-lost-a-pet-gift-my-pet-on-a-shirt-pet-photo-sweatshirt-with-name-for-mom-dad-2\/","title":{"rendered":"Personalisiertes Haustierportrait-Sweatshirt, Katzen-Hundebesitzer-Pullover, Geschenk \u201eEin Haustier verloren\u201c, \u201eMein Haustier auf einem Shirt\u201c, Haustierfoto-Sweatshirt mit Namen f\u00fcr Mama und Papa"},"content":{"rendered":"<p>WIE MAN BESTELLT<br \/>\n1- Geben Sie bei der Bestellung den Namen Ihres Haustieres ein und w\u00e4hlen Sie die Schriftart aus, die Sie verwenden m\u00f6chten.<br \/>\n2- Machen Sie an einem ausreichend beleuchteten Ort von Kopf bis Brust ein Foto Ihres Haustieres von vorne nach vorne und achten Sie darauf, dass das Bild eine hohe Aufl\u00f6sung hat. F\u00fcr ein besseres Ergebnis empfehlen wir, dass die Schnauze Ihres Haustieres nach vorne zeigt und keine Accessoires vorhanden sind.<br \/>\n3- Laden Sie das Foto Ihres Haustieres \u00fcber Etsy-Nachrichten hoch oder senden Sie es uns per E-Mail an order[!at]puccha.com.<br \/>\n*** Wenn Sie uns einige Optionen zusenden m\u00f6chten, helfen wir Ihnen gerne bei der Auswahl der Option, die unserer Meinung nach die beste sein wird ***<br \/>\n4- We will send you the sample within 12 hours after of your purchase before printing your sweatshirt and will ask you to confirm if the design satisfies you.<br \/>\n5- Bitte erlauben Sie uns nach der Best\u00e4tigung 2 bis 5 Tage, um Ihren Artikel vorzubereiten und zu versenden.<br \/>\n*** Um mehr als einen Aufdruck auf Ihrem Produkt zu haben, beschreiben Sie Ihre Tierfreunde (Tierart und Name) im Personalisierungsfeld und erwerben Sie beim Kauf dieses Produkts unser \u201eZus\u00e4tzliches Haustier-Add-On\u201c f\u00fcr jedes weitere Haustier der Link unten:<br \/>\n  https:\/\/etsy.me\/3KhY68f (Zus\u00e4tzliches Haustier-Add-On)<br \/>\nZum Beispiel:<br \/>\nWenn Sie Ihre 3 verschiedenen Tierfreunde auf Ihr Produkt drucken lassen m\u00f6chten, m\u00fcssen Sie jede ihrer Arten und Namen in das \u201ePersonalisierungsfeld\u201c schreiben und dann unter \u201eZus\u00e4tzliches Haustier-Add-On\u201c die Menge von 2 ausw\u00e4hlen.<br \/>\n\u26a1\ufe0f PRODUKTBESCHREIBUNG \u26a1\ufe0f<br \/>\n* Regular Fit \u2013 Standard length, the fabric easily gives into movement.<br \/>\n* The air-jet spun yarn and quarter-turned fabric helps eliminate creases and pilling, while the mix of cotton and polyester creates a soft and comfortable feel.<br \/>\n* 50% cotton, 50% polyester.<br \/>\n* Air-jet spun yarn with a soft feel and reduced pilling.<br \/>\n\u26a0\ufe0f PFLEGEHINWEISE<br \/>\n* Machine wash cold, inside-out, gentle cycle with mild detergent and similar colors. * Use non-chlorine bleach, only when necessary. No fabric softeners.<br \/>\n* Tumble dry low, or hang-dry for longest life.<br \/>\n* Cool iron inside-out if necessary. Do not iron decoration.<br \/>\n* Do not dry clean.<br \/>\n  SIZING<br \/>\nThis custom product is unisex. Please refer to our size chart in the photos.<br \/>\n  BEARBEITUNGS- UND VERSANDZEIT<br \/>\nOur items are made to order. Please allow 2-5 business days for production and 3-5 business days for shipping.<br \/>\n  R\u00dcCKGABERECHT<br \/>\nDa es sich um ein ma\u00dfgeschneidertes Produkt handelt, k\u00f6nnen wir leider keine R\u00fcckerstattung oder Umtausch anbieten, es sei denn, der Artikel ist besch\u00e4digt oder der Artikel wurde nie erhalten.<br \/>\n&#8212;&#8212;&#8212;&#8212;&#8212;&#8212;&#8212;&#8212;-<br \/>\n  Wir hoffen, dass Ihnen dieses Produkt gef\u00e4llt.<br \/>\nBitte hinterlassen Sie gerne eine Artikelbewertung!<br \/>\nBei Fragen kontaktieren Sie uns bitte direkt per Etsy-Nachricht oder per E-Mail: info[!at]puccha.com<br \/>\n&#8212;&#8212;&#8212;&#8212;&#8212;&#8212;&#8212;&#8212;-<\/p>","protected":false},"excerpt":{"rendered":"<p>\u2728 Enjoy your day with a smile by turning your pet&#8217;s photo to a portrait on a sweatshirt. Show your love to your pet by wearing this pet portrait custom sweatshirt and reminisce on all the sweet memories you share with your four-legged best friend. You will get one of a kind sweatshirt, custom-made with a high-quality cotton &#038; polyester material to make as a beautiful keepsake for your pet! Our personalized pet portrait sweatshirts are available with a number of pet choices that makes them a great gift in memory of your pet, pet birthday, pet loss, pet remembrance, or pet owner.<\/p>","protected":false},"featured_media":3189,"comment_status":"closed","ping_status":"closed","template":"","meta":[],"product_cat":[19],"product_tag":[726,730,728,729,723,731,725,732,713,724,676,727,774],"_links":{"self":[{"href":"https:\/\/puccha.com\/de\/wp-json\/wp\/v2\/product\/3188"}],"collection":[{"href":"https:\/\/puccha.com\/de\/wp-json\/wp\/v2\/product"}],"about":[{"href":"https:\/\/puccha.com\/de\/wp-json\/wp\/v2\/types\/product"}],"replies":[{"embeddable":true,"href":"https:\/\/puccha.com\/de\/wp-json\/wp\/v2\/comments?post=3188"}],"wp:featuredmedia":[{"embeddable":true,"href":"https:\/\/puccha.com\/de\/wp-json\/wp\/v2\/media\/3189"}],"wp:attachment":[{"href":"https:\/\/puccha.com\/de\/wp-json\/wp\/v2\/media?parent=3188"}],"wp:term":[{"taxonomy":"product_cat","embeddable":true,"href":"https:\/\/puccha.com\/de\/wp-json\/wp\/v2\/product_cat?post=3188"},{"taxonomy":"product_tag","embeddable":true,"href":"https:\/\/puccha.com\/de\/wp-json\/wp\/v2\/product_tag?post=3188"}],"curies":[{"name":"wp","href":"https:\/\/api.w.org\/{rel}","templated":true}]}}