{"id":3122,"date":"2023-11-20T17:55:03","date_gmt":"2023-11-20T22:55:03","guid":{"rendered":"https:\/\/puccha.com\/product\/custom-dog-portrait-sketch-mug-from-photo-personalized-pet-minimalist-remembrance-gift-for-cat-mom-dad-pet-loss-memory-condolence-gift-2\/"},"modified":"2023-11-20T18:41:54","modified_gmt":"2023-11-20T23:41:54","slug":"custom-dog-portrait-sketch-mug-from-photo-personalized-pet-minimalist-remembrance-gift-for-cat-mom-dad-pet-loss-memory-condolence-gift-2","status":"publish","type":"product","link":"https:\/\/puccha.com\/de\/produkt\/custom-dog-portrait-sketch-mug-from-photo-personalized-pet-minimalist-remembrance-gift-for-cat-mom-dad-pet-loss-memory-condolence-gift-2\/","title":{"rendered":"Benutzerdefinierte Hundeportr\u00e4t-Skizzentasse vom Foto, personalisiertes Haustier-Minimalist-Erinnerungsgeschenk f\u00fcr Katzen-Mama-Papa, Haustier-Verlust-Erinnerungs-Kondolenz-Geschenk"},"content":{"rendered":"<p>WIE MAN BESTELLT<\/p>\n<p>1- Geben Sie bei der Bestellung den Namen Ihres Haustieres ein und w\u00e4hlen Sie die Schriftart aus, die Sie verwenden m\u00f6chten.<\/p>\n<p>2- Machen Sie an einem ausreichend beleuchteten Ort von Kopf bis Brust ein Foto Ihres Haustieres von vorne nach vorne und achten Sie darauf, dass das Bild eine hohe Aufl\u00f6sung hat. F\u00fcr ein besseres Ergebnis empfehlen wir, dass die Schnauze Ihres Haustieres nach vorne zeigt und keine Accessoires vorhanden sind.<\/p>\n<p>3- Laden Sie das Foto Ihres Haustieres \u00fcber Etsy-Nachrichten hoch oder senden Sie es uns per E-Mail an order[!at]puccha.com.<br \/>\n*** Wenn Sie uns einige Optionen zusenden m\u00f6chten, helfen wir Ihnen gerne bei der Auswahl der Option, die unserer Meinung nach die beste sein wird ***<\/p>\n<p>4- We will send you the sample within 24 hours after of your purchase before printing your poster and will ask you to confirm if the design satisfies you. The approval window after the final design is 48 hours. We&#8217;ll proceed with preparing your item if we don&#8217;t hear back from you after 48 hours.<\/p>\n<p>5- Bitte erlauben Sie uns nach der Best\u00e4tigung 2 bis 5 Tage, um Ihren Artikel vorzubereiten und zu versenden.<\/p>\n<p>\u26a1\ufe0f PRODUKTBESCHREIBUNG \u26a1\ufe0f<br \/>\n* Ceramic.<br \/>\n* 11 oz mug dimensions: 3.79\u2033 (9.6 cm) in height, 3.25\u2033 (8.3 cm) in diameter.<br \/>\n* Dishwasher and microwave safe.<\/p>\n<p>\u26a0\ufe0f PFLEGEHINWEISE<br \/>\nClean in dishwasher or wash by hand with warm water and dish soap.<\/p>\n<p>  BEARBEITUNGS- UND VERSANDZEIT<br \/>\nUnsere Artikel werden auf Bestellung gefertigt. Bitte rechnen Sie mit einer Produktionszeit von 2\u20135 Werktagen.<br \/>\nUSA &#038; UK shipping takes up to 2-5 business days.<br \/>\nDer weltweite Versand dauert bis zu 10\u201315 Werktage.<\/p>\n<p>  R\u00dcCKGABERECHT<br \/>\nDa es sich um ein ma\u00dfgeschneidertes Produkt handelt, k\u00f6nnen wir leider keine R\u00fcckerstattung oder Umtausch anbieten, es sei denn, der Artikel ist besch\u00e4digt oder der Artikel wurde nie erhalten.<\/p>\n<p>&#8212;&#8212;&#8212;&#8212;&#8212;&#8212;&#8212;&#8212;-<\/p>\n<p>  Wir hoffen, dass Ihnen dieses Produkt gef\u00e4llt.<br \/>\nBitte hinterlassen Sie gerne eine Artikelbewertung!<\/p>\n<p>Bei Fragen kontaktieren Sie uns bitte direkt per Etsy-Nachricht oder per E-Mail: info[!at]puccha.com<\/p>\n<p>&#8212;&#8212;&#8212;&#8212;&#8212;&#8212;&#8212;&#8212;-<\/p>","protected":false},"excerpt":{"rendered":"<p>\u2728 Start your every morning with a smile by turning your pet photo to a portrait on a mug. Show your love to your pet by drinking coffee in this custom sketch-style mug and reminisce on all the sweet memories you share with your four-legged best friend. You will get one of a kind mug, 11 oz custom-made with a high-quality ceramic material to make as a beautiful keepsake for your pet!<br \/>\nOur personalized pet face coffee mugs can feature the portrait of any pet, may that be a cat, kitten, dog, puppy, bunny, or any other animal that makes them a great gift in memory of your pet, pet birthday, pet loss, pet remembrance, or pet owner.<\/p>","protected":false},"featured_media":3123,"comment_status":"closed","ping_status":"closed","template":"","meta":[],"product_cat":[20],"product_tag":[624,622,755,620,636,627,626,637,625,621,623,633,756],"_links":{"self":[{"href":"https:\/\/puccha.com\/de\/wp-json\/wp\/v2\/product\/3122"}],"collection":[{"href":"https:\/\/puccha.com\/de\/wp-json\/wp\/v2\/product"}],"about":[{"href":"https:\/\/puccha.com\/de\/wp-json\/wp\/v2\/types\/product"}],"replies":[{"embeddable":true,"href":"https:\/\/puccha.com\/de\/wp-json\/wp\/v2\/comments?post=3122"}],"wp:featuredmedia":[{"embeddable":true,"href":"https:\/\/puccha.com\/de\/wp-json\/wp\/v2\/media\/3123"}],"wp:attachment":[{"href":"https:\/\/puccha.com\/de\/wp-json\/wp\/v2\/media?parent=3122"}],"wp:term":[{"taxonomy":"product_cat","embeddable":true,"href":"https:\/\/puccha.com\/de\/wp-json\/wp\/v2\/product_cat?post=3122"},{"taxonomy":"product_tag","embeddable":true,"href":"https:\/\/puccha.com\/de\/wp-json\/wp\/v2\/product_tag?post=3122"}],"curies":[{"name":"wp","href":"https:\/\/api.w.org\/{rel}","templated":true}]}}