{"id":3067,"date":"2023-11-20T17:48:10","date_gmt":"2023-11-20T22:48:10","guid":{"rendered":"https:\/\/puccha.com\/product\/personalized-coaster-with-pet-portrait-and-name-dog-cat-photo-coffee-tea-drink-mat-kitchen-accessory-sympathy-loss-memorial-pet-owner-gift-2\/"},"modified":"2023-11-20T18:50:59","modified_gmt":"2023-11-20T23:50:59","slug":"personalized-coaster-with-pet-portrait-and-name-dog-cat-photo-coffee-tea-drink-mat-kitchen-accessory-sympathy-loss-memorial-pet-owner-gift-2","status":"publish","type":"product","link":"https:\/\/puccha.com\/de\/produkt\/personalized-coaster-with-pet-portrait-and-name-dog-cat-photo-coffee-tea-drink-mat-kitchen-accessory-sympathy-loss-memorial-pet-owner-gift-2\/","title":{"rendered":"Personalisierter Untersetzer mit Haustierportr\u00e4t und Namen, Hund, Katze, Foto, Kaffee, Tee, Getr\u00e4nkematte, K\u00fcchenaccessoire, Sympathie, Verlust, Gedenkgeschenk f\u00fcr Haustierbesitzer"},"content":{"rendered":"<p>WIE MAN BESTELLT<br \/>\n1- Geben Sie bei der Bestellung den Namen Ihres Haustieres ein und w\u00e4hlen Sie die Schriftart aus, die Sie verwenden m\u00f6chten.<br \/>\n2- Machen Sie an einem ausreichend beleuchteten Ort von Kopf bis Brust ein Foto Ihres Haustieres von vorne nach vorne und achten Sie darauf, dass das Bild eine hohe Aufl\u00f6sung hat. F\u00fcr ein besseres Ergebnis empfehlen wir, dass die Schnauze Ihres Haustieres nach vorne zeigt und keine Accessoires vorhanden sind.<br \/>\n3- Laden Sie das Foto Ihres Haustieres \u00fcber Etsy-Nachrichten hoch oder senden Sie es uns per E-Mail an order[!at]puccha.com.<br \/>\n*** Wenn Sie uns einige Optionen zusenden m\u00f6chten, helfen wir Ihnen gerne bei der Auswahl der Option, die unserer Meinung nach die beste sein wird ***<br \/>\n4- We will send you the sample within 12 hours after of your purchase before printing your coaster set and will ask you to confirm if the design satisfies you.<br \/>\n5- Bitte erlauben Sie uns nach der Best\u00e4tigung 2 bis 5 Tage, um Ihren Artikel vorzubereiten und zu versenden.<br \/>\n\u26a1\ufe0f PRODUKTBESCHREIBUNG \u26a1\ufe0f<br \/>\n* 4-piece set.<br \/>\n* High-gloss MDF top.<br \/>\n* Cork back to prevent sliding.<br \/>\n* 0.16&#8243; (0.4cm) thick.<br \/>\n* One size: 3.75&#8243; \u00d7 3.75&#8243; (9.50cm x 9.50cm).<br \/>\n\u26a0\ufe0f PFLEGEHINWEISE<br \/>\nGently wipe the dirt or dust off with a clean, dry microfiber cloth.<br \/>\n  BEARBEITUNGS- UND VERSANDZEIT<br \/>\nUnsere Artikel werden auf Bestellung gefertigt. Bitte rechnen Sie mit einer Produktionszeit von 2\u20135 Werktagen.<br \/>\nUSA, UK &#038; Australia shipping takes up to 3-6 business days.<br \/>\nEU shipping takes up to 3-5 business days.<br \/>\nCanada shipping takes up to 3-9 business days.<br \/>\nDer weltweite Versand dauert bis zu 10\u201320 Werktage.<br \/>\n  R\u00dcCKGABERECHT<br \/>\nDa es sich um ein ma\u00dfgeschneidertes Produkt handelt, k\u00f6nnen wir leider keine R\u00fcckerstattung oder Umtausch anbieten, es sei denn, der Artikel ist besch\u00e4digt oder der Artikel wurde nie erhalten.<br \/>\n&#8212;&#8212;&#8212;&#8212;&#8212;&#8212;&#8212;&#8212;-<br \/>\n  Wir hoffen, dass Ihnen dieses Produkt gef\u00e4llt.<br \/>\nBitte hinterlassen Sie gerne eine Artikelbewertung!<br \/>\nBei Fragen kontaktieren Sie uns bitte direkt per Etsy-Nachricht oder per E-Mail: info[!at]puccha.com<br \/>\n&#8212;&#8212;&#8212;&#8212;&#8212;&#8212;&#8212;&#8212;-<\/p>","protected":false},"excerpt":{"rendered":"<p>This is a made to order 4-piece set coaster with your animal friend\u2019s picture on it. Decorate your tables with a heartfelt touch and choose a personalized pet coaster. These coasters are made from cork with an MDF top and they are sold in sets of four. Specially designed for pet owners and lovers since they come customized with the face of your own pet. Inspired by their photo, the coasters can be personalized with several pets, and optionally you can even add their name under the portrait. Minimalist square coasters are available in a selection of fun colors that will give your home a cozy feel while protecting your surfaces from spills. A stylish addition to your kitchen, living room, and even bedroom. Such coasters protect the surface against high temperature, moisture, and stains while being waterproof. Practical and beautiful while protecting your table and furniture. The personalized animal coasters are a meaningful and adorable gift for all pet owners and not only. They make a great memorial, pet loss, and sympathy gift that is sure to make its intended recipient smile. Alternatively gift it to pet owners, lovers, for family members, and friends, or surprise your furry friend.<\/p>","protected":false},"featured_media":3068,"comment_status":"closed","ping_status":"closed","template":"","meta":[],"product_cat":[24],"product_tag":[746,742,745,743,741,738,739,694,651,740,679,744,676],"_links":{"self":[{"href":"https:\/\/puccha.com\/de\/wp-json\/wp\/v2\/product\/3067"}],"collection":[{"href":"https:\/\/puccha.com\/de\/wp-json\/wp\/v2\/product"}],"about":[{"href":"https:\/\/puccha.com\/de\/wp-json\/wp\/v2\/types\/product"}],"replies":[{"embeddable":true,"href":"https:\/\/puccha.com\/de\/wp-json\/wp\/v2\/comments?post=3067"}],"wp:featuredmedia":[{"embeddable":true,"href":"https:\/\/puccha.com\/de\/wp-json\/wp\/v2\/media\/3068"}],"wp:attachment":[{"href":"https:\/\/puccha.com\/de\/wp-json\/wp\/v2\/media?parent=3067"}],"wp:term":[{"taxonomy":"product_cat","embeddable":true,"href":"https:\/\/puccha.com\/de\/wp-json\/wp\/v2\/product_cat?post=3067"},{"taxonomy":"product_tag","embeddable":true,"href":"https:\/\/puccha.com\/de\/wp-json\/wp\/v2\/product_tag?post=3067"}],"curies":[{"name":"wp","href":"https:\/\/api.w.org\/{rel}","templated":true}]}}