{"id":3056,"date":"2023-11-20T17:46:36","date_gmt":"2023-11-20T22:46:36","guid":{"rendered":"https:\/\/puccha.com\/product\/pet-portrait-custom-sketch-mug-from-photo-personalized-birthday-gift-for-cat-dog-mom-dad-owner-in-memory-of-dog-loss-pet-illustration-mug-2\/"},"modified":"2024-03-26T19:15:09","modified_gmt":"2024-03-26T23:15:09","slug":"custom-pet-portrait-sketch-mug-from-photo","status":"publish","type":"product","link":"https:\/\/puccha.com\/de\/produkt\/custom-pet-portrait-sketch-mug-from-photo\/","title":{"rendered":"Custom Pet Portrait Sketch Mug from Photo"},"content":{"rendered":"<p>Capture the essence of your furry friend with a custom pet portrait sketch mug. Personalized mug for pet owners looking for a heartfelt tribute. Perfect for pet loss sympathy gifts.<\/p>\n<p>WIE MAN BESTELLT<br \/>\n1- Geben Sie bei der Bestellung den Namen Ihres Haustieres ein und w\u00e4hlen Sie die Schriftart aus, die Sie verwenden m\u00f6chten.<br \/>\n2- Machen Sie an einem ausreichend beleuchteten Ort von Kopf bis Brust ein Foto Ihres Haustieres von vorne nach vorne und achten Sie darauf, dass das Bild eine hohe Aufl\u00f6sung hat. F\u00fcr ein besseres Ergebnis empfehlen wir, dass die Schnauze Ihres Haustieres nach vorne zeigt und keine Accessoires vorhanden sind.<br \/>\n3- Laden Sie das Foto Ihres Haustieres \u00fcber Etsy-Nachrichten hoch oder senden Sie es uns per E-Mail an order[!at]puccha.com.<br \/>\n*** Wenn Sie uns einige Optionen zusenden m\u00f6chten, helfen wir Ihnen gerne bei der Auswahl der Option, die unserer Meinung nach die beste sein wird ***<br \/>\n4- We will send you the sample within 24 hours after of your purchase before printing your poster and will ask you to confirm if the design satisfies you. The approval window after the final design is 48 hours. We&#8217;ll proceed with preparing your item if we don&#8217;t hear back from you after 48 hours.<br \/>\n5- Bitte erlauben Sie uns nach der Best\u00e4tigung 2 bis 5 Tage, um Ihren Artikel vorzubereiten und zu versenden.<br \/>\n\u26a1\ufe0f PRODUKTBESCHREIBUNG \u26a1\ufe0f<br \/>\n* Ceramic.<br \/>\n* 11 oz mug dimensions: 3.79\u2033 (9.6 cm) in height, 3.25\u2033 (8.3 cm) in diameter.<br \/>\n* Dishwasher and microwave safe.<br \/>\n\u26a0\ufe0f PFLEGEHINWEISE<br \/>\nClean in dishwasher or wash by hand with warm water and dish soap.<br \/>\nBEARBEITUNGS- UND VERSANDZEIT<br \/>\nUnsere Artikel werden auf Bestellung gefertigt. Bitte rechnen Sie mit einer Produktionszeit von 2\u20135 Werktagen.<br \/>\nUSA &amp; UK shipping takes up to 2-5 business days.<br \/>\nDer weltweite Versand dauert bis zu 10\u201315 Werktage.<br \/>\nR\u00dcCKGABERECHT<br \/>\nDa es sich um ein ma\u00dfgeschneidertes Produkt handelt, k\u00f6nnen wir leider keine R\u00fcckerstattung oder Umtausch anbieten, es sei denn, der Artikel ist besch\u00e4digt oder der Artikel wurde nie erhalten.<br \/>\n&#8212;&#8212;&#8212;&#8212;&#8212;&#8212;&#8212;&#8212;-<br \/>\nWir hoffen, dass Ihnen dieses Produkt gef\u00e4llt.<br \/>\nBitte hinterlassen Sie gerne eine Artikelbewertung!<br \/>\nBei Fragen kontaktieren Sie uns bitte direkt per Etsy-Nachricht oder per E-Mail: info[!at]puccha.com<br \/>\n&#8212;&#8212;&#8212;&#8212;&#8212;&#8212;&#8212;&#8212;-<\/p>","protected":false},"excerpt":{"rendered":"<p>Celebrate the special bond you share with your furry companion by gifting yourself or a fellow pet lover a personalized pet portrait sketch mug. Whether you&#8217;re a proud cat parent or a devoted dog owner, this custom birthday gift is a thoughtful way to cherish your pet&#8217;s memory. Each mug features a unique pet illustration that captures the essence of your beloved animal, making it a heartfelt keepsake. Share your love for your furry friend with a one-of-a-kind mug that celebrates the joy they bring to your life.<\/p>\n<h2>Personalized Pet Portrait Sketch Mug<\/h2>\n<p>Enhance the special bond you shared with your pet by immortalizing their spirit in a custom pet portrait sketch mug. Our personalized mug is a touching reminder of the love and joy they brought into your life. A meaningful gift for any pet owner, our pet loss sympathy gift is a heartfelt way to honor the memory of a beloved furry friend.<\/p>\n<h2>Custom Birthday Gift for Pet Lovers<\/h2>\n<p>Celebrate the cherished memories of your furry companion with a one-of-a-kind custom pet portrait sketch mug. Our personalized pet illustration mug captures the unique essence of your beloved pet, making it a heartfelt tribute that will bring comfort and joy. Whether you are looking for a thoughtful gift for a fellow pet owner or a way to honor your own pet&#8217;s memory, our pet loss memorial sympathy gift is a beautiful choice.<\/p>","protected":false},"featured_media":3057,"comment_status":"closed","ping_status":"closed","template":"","meta":[],"product_cat":[20],"product_tag":[624,620,636,737,627,626,637,625,621,736,634,623,633],"_links":{"self":[{"href":"https:\/\/puccha.com\/de\/wp-json\/wp\/v2\/product\/3056"}],"collection":[{"href":"https:\/\/puccha.com\/de\/wp-json\/wp\/v2\/product"}],"about":[{"href":"https:\/\/puccha.com\/de\/wp-json\/wp\/v2\/types\/product"}],"replies":[{"embeddable":true,"href":"https:\/\/puccha.com\/de\/wp-json\/wp\/v2\/comments?post=3056"}],"wp:featuredmedia":[{"embeddable":true,"href":"https:\/\/puccha.com\/de\/wp-json\/wp\/v2\/media\/3057"}],"wp:attachment":[{"href":"https:\/\/puccha.com\/de\/wp-json\/wp\/v2\/media?parent=3056"}],"wp:term":[{"taxonomy":"product_cat","embeddable":true,"href":"https:\/\/puccha.com\/de\/wp-json\/wp\/v2\/product_cat?post=3056"},{"taxonomy":"product_tag","embeddable":true,"href":"https:\/\/puccha.com\/de\/wp-json\/wp\/v2\/product_tag?post=3056"}],"curies":[{"name":"wp","href":"https:\/\/api.w.org\/{rel}","templated":true}]}}