{"id":3013,"date":"2023-11-20T17:40:42","date_gmt":"2023-11-20T22:40:42","guid":{"rendered":"https:\/\/puccha.com\/product\/custom-pet-portrait-pencil-sketch-dog-cat-drawing-from-photo-personalized-pet-photo-poster-for-pet-owner-pet-loss-memorial-sympathy-gift-2\/"},"modified":"2024-03-26T18:46:07","modified_gmt":"2024-03-26T22:46:07","slug":"custom-pet-portrait-pencil-sketch","status":"publish","type":"product","link":"https:\/\/puccha.com\/de\/produkt\/custom-pet-portrait-pencil-sketch\/","title":{"rendered":"Benutzerdefiniertes Haustierportrait mit Bleistiftskizze, Hundekatze, Zeichnung vom Foto, personalisiertes Haustierfoto-Poster f\u00fcr Haustierbesitzer, Trauergeschenk zum Gedenken an den Verlust eines Haustiers"},"content":{"rendered":"<p>Capture the essence of your furry friend with a custom pet portrait sketch. Perfect for heartfelt pet loss sympathy gifts.<\/p>\n<p>WIE MAN BESTELLT<\/p>\n<p>1- Geben Sie bei der Bestellung den Namen Ihres Haustieres ein und w\u00e4hlen Sie die Schriftart aus, die Sie verwenden m\u00f6chten.<\/p>\n<p>2- Machen Sie an einem ausreichend beleuchteten Ort von Kopf bis Brust ein Foto Ihres Haustieres von vorne nach vorne und achten Sie darauf, dass das Bild eine hohe Aufl\u00f6sung hat. F\u00fcr ein besseres Ergebnis empfehlen wir, dass die Schnauze Ihres Haustieres nach vorne zeigt und keine Accessoires vorhanden sind.<\/p>\n<p>3- Laden Sie das Foto Ihres Haustieres \u00fcber Etsy-Nachrichten hoch oder senden Sie es uns per E-Mail an order[!at]puccha.com.<br \/>\n*** Wenn Sie uns einige Optionen zusenden m\u00f6chten, helfen wir Ihnen gerne bei der Auswahl der Option, die unserer Meinung nach die beste sein wird ***<\/p>\n<p>4- We will send you the sample within 24 hours after of your purchase before printing your poster and will ask you to confirm if the design satisfies you. The approval window after the final design is 48 hours. We&#8217;ll proceed with preparing your item if we don&#8217;t hear back from you after 48 hours.<\/p>\n<p>5- Bitte erlauben Sie uns nach der Best\u00e4tigung 2 bis 5 Tage, um Ihren Artikel vorzubereiten und zu versenden.<\/p>\n<p>*Mehrere Haustiere werden in horizontaler Ausrichtung produziert.<\/p>\n<p>\u26a1\ufe0f PRODUKTBESCHREIBUNG \u26a1\ufe0f<\/p>\n<p>\u2013NUR DIGITALE DATEI\u2013<br \/>\nStandardm\u00e4\u00dfig sind Sie zum Drucken von JPG- und PNG-Dateien im Format 8\u2033x10\u2033 und 300 dpi bereit. Bitte geben Sie die gew\u00fcnschte Gr\u00f6\u00dfe an, wenn die Gr\u00f6\u00dfe 8\u2033x10\u2033 nicht Ihren Anforderungen entspricht. Wir m\u00f6chten Sie auch daran erinnern, dass es sich hierbei lediglich um eine digitale Datei handelt. Es wird kein physischer Artikel an Ihre Privatadresse verschickt.<\/p>\n<p>\u2013GERAHMTES POSTER\u2013<br \/>\n* Ein gerahmtes, verbessertes Poster, dessen mattes Gicl\u00e9e-Papier von Epson in Museumsqualit\u00e4t dem Design ein elegantes und anspruchsvolles Aussehen verleiht. Dar\u00fcber hinaus ist es bereits gerahmt und kann jedes Zuhause oder B\u00fcro schm\u00fccken.<br \/>\n* Ayous-Holzrahmen mit einer Dicke von 0,75\u2033 (1,9 cm) aus nachwachsenden W\u00e4ldern.<br \/>\n* Papierst\u00e4rke: 10,3 mil (0,26 mm).<br \/>\n* Papiergewicht: 5,57 oz\/yd\u00b2 (189 g\/m\u00b2).<br \/>\n* Leicht.<br \/>\n* Frontschutz aus Acrylit.<br \/>\n* Hardware zum Aufh\u00e4ngen im Lieferumfang enthalten.<\/p>\n<p>\u2013KEIN RAHMENPOSTER\u2013<br \/>\n* Poster in Museumsqualit\u00e4t, hergestellt auf dickem und haltbarem mattem Papier. Jedes Poster wird im Gicl\u00e9e-Verfahren auf s\u00e4urefreiem Archivpapier gedruckt, wodurch brillante Drucke entstehen, die jeden Raum versch\u00f6nern.<br \/>\n* Papierst\u00e4rke: 10,3 mil (0,26 mm).<br \/>\n* Papiergewicht: 5,57 oz\/yd\u00b2 (189 g\/m\u00b2).<br \/>\n* Gicl\u00e9e-Druckqualit\u00e4t.<br \/>\n* Deckkraft: 94%<br \/>\n* ISO-Helligkeit: 104%<\/p>\n<p>\u26a0\ufe0f PFLEGEHINWEISE<br \/>\nUm sicherzustellen, dass Ihre Poster lange halten, bewahren Sie sie nicht im direkten Sonnenlicht oder im Freien auf. Sie k\u00f6nnen vorsichtig mit einem weichen, trockenen Tuch oder einem Staubwedel abgestaubt werden.<\/p>\n<p>BEARBEITUNGS- UND VERSANDZEIT<br \/>\nUnsere Artikel werden auf Bestellung gefertigt. Bitte rechnen Sie mit 2\u20135 Werktagen f\u00fcr die Produktion und 2\u20135 Werktagen f\u00fcr den Versand.<\/p>\n<p>R\u00dcCKGABERECHT<br \/>\nDa es sich um ein ma\u00dfgeschneidertes Produkt handelt, k\u00f6nnen wir leider keine R\u00fcckerstattung oder Umtausch anbieten, es sei denn, der Artikel ist besch\u00e4digt oder der Artikel wurde nie erhalten.<\/p>\n<p>&#8212;&#8212;&#8212;&#8212;&#8212;&#8212;&#8212;&#8212;-<\/p>\n<p>Wir hoffen, dass Ihnen dieses Produkt gef\u00e4llt.<br \/>\nBitte hinterlassen Sie gerne eine Artikelbewertung!<\/p>\n<p>Bei Fragen kontaktieren Sie uns bitte direkt per Etsy-Nachricht oder per E-Mail: info[!at]puccha.com<\/p>\n<p>&#8212;&#8212;&#8212;&#8212;&#8212;&#8212;&#8212;&#8212;-<\/p>\n<p>OTHER CUSTOM PET PORTRAIT PRODUCTS<\/p>\n<p>Painting-Style Art<br \/>\nhttps:\/\/pucchastudio.etsy.com\/listing\/1275349404<br \/>\nhttps:\/\/pucchastudio.etsy.com\/listing\/1267325988<\/p>\n<p>Colorful Sketch-Style Art<br \/>\nhttps:\/\/pucchastudio.etsy.com\/listing\/1294095603<br \/>\nhttps:\/\/pucchastudio.etsy.com\/listing\/1294102255<\/p>","protected":false},"excerpt":{"rendered":"<p>Celebrate the cherished memories of your furry companion with a one-of-a-kind custom pet portrait sketch. Our <strong>custom pet portrait<\/strong> captures the unique essence of your beloved pet, making it a heartfelt tribute that will bring comfort and joy. Whether you are looking for a thoughtful gift for a fellow pet owner or a way to honor your own pet&#8217;s memory, our <strong>pet loss memorial sympathy gift<\/strong> is a beautiful choice.<\/p>\n<h2>Immortalize Your Beloved Companion with a Custom Pet Portrait Sketch<\/h2>\n<p>Enhance the special bond you shared with your pet by immortalizing their spirit in a custom pet portrait. Our personalized pet poster is a touching reminder of the love and joy they brought into your life. A meaningful gift for any pet owner, our <strong>pet loss sympathy gift<\/strong> is a heartfelt way to honor the memory of a beloved furry friend.<\/p>\n<h2>Personalized Pet Photo Poster<\/h2>\n<p>Celebrate the cherished memories of your furry companion with a one-of-a-kind custom pet portrait sketch. Our personalized pet photo poster captures the unique essence of your beloved pet, making it a heartfelt tribute that will bring comfort and joy. Whether you are looking for a thoughtful gift for a fellow pet owner or a way to honor your own pet&#8217;s memory, our pet loss memorial sympathy gift is a beautiful choice.<\/p>","protected":false},"featured_media":3014,"comment_status":"closed","ping_status":"closed","template":"","meta":[],"product_cat":[23],"product_tag":[669,719,712,715,718,720,714,721,694,722,713,716,717],"_links":{"self":[{"href":"https:\/\/puccha.com\/de\/wp-json\/wp\/v2\/product\/3013"}],"collection":[{"href":"https:\/\/puccha.com\/de\/wp-json\/wp\/v2\/product"}],"about":[{"href":"https:\/\/puccha.com\/de\/wp-json\/wp\/v2\/types\/product"}],"replies":[{"embeddable":true,"href":"https:\/\/puccha.com\/de\/wp-json\/wp\/v2\/comments?post=3013"}],"wp:featuredmedia":[{"embeddable":true,"href":"https:\/\/puccha.com\/de\/wp-json\/wp\/v2\/media\/3014"}],"wp:attachment":[{"href":"https:\/\/puccha.com\/de\/wp-json\/wp\/v2\/media?parent=3013"}],"wp:term":[{"taxonomy":"product_cat","embeddable":true,"href":"https:\/\/puccha.com\/de\/wp-json\/wp\/v2\/product_cat?post=3013"},{"taxonomy":"product_tag","embeddable":true,"href":"https:\/\/puccha.com\/de\/wp-json\/wp\/v2\/product_tag?post=3013"}],"curies":[{"name":"wp","href":"https:\/\/api.w.org\/{rel}","templated":true}]}}