{"id":2983,"date":"2023-11-20T17:36:38","date_gmt":"2023-11-20T22:36:38","guid":{"rendered":"https:\/\/puccha.com\/product\/pet-mouse-pad-with-custom-portrait-personalized-name-dog-cat-non-slip-mat-computer-gadget-pc-office-accessory-coworker-gift-idea-2\/"},"modified":"2023-11-20T18:51:34","modified_gmt":"2023-11-20T23:51:34","slug":"pet-mouse-pad-with-custom-portrait-personalized-name-dog-cat-non-slip-mat-computer-gadget-pc-office-accessory-coworker-gift-idea-2","status":"publish","type":"product","link":"https:\/\/puccha.com\/de\/produkt\/haustier-mauspad-mit-individuellem-portrat-personalisiertem-namen-hund-katze-rutschfeste-matte-computer-gadget-pc-burozubehor-geschenkidee-fur-kollegen-2\/","title":{"rendered":"Haustier-Mauspad mit individuellem Portr\u00e4t, personalisiertem Namen, Hund, Katze, rutschfeste Matte, Computer-Gadget, PC, B\u00fcrozubeh\u00f6r, Geschenkidee f\u00fcr Kollegen"},"content":{"rendered":"<p>\u26a1\ufe0f PRODUKTBESCHREIBUNG \u26a1\ufe0f<br \/>\n* Personalisiertes Mauspad<br \/>\n* Entwickelt f\u00fcr Tierliebhaber<br \/>\n* Strapazierf\u00e4higer Schaumstoff mit hoher Dichte und ultrad\u00fcnner Gummibasis<br \/>\n* Glatte Oberfl\u00e4che \u2013 sorgt f\u00fcr m\u00fcheloses Gleiten der Maus. * Leicht zu reinigen.<br \/>\n* Gummibasis \u2013 H\u00e4lt das Mauspad fest am Schreibtisch und sorgt f\u00fcr eine glatte, rutschfeste und ebene Oberfl\u00e4che.<br \/>\n* 1\/16\u2033 (1,58 mm) dick.<br \/>\n  WIE MAN BESTELLT<br \/>\n1- Geben Sie bei der Bestellung den Namen Ihres Haustieres ein und w\u00e4hlen Sie die Schriftart aus, die Sie verwenden m\u00f6chten.<br \/>\n2- Machen Sie an einem ausreichend beleuchteten Ort von Kopf bis Brust ein Foto Ihres Haustieres von vorne nach vorne und achten Sie darauf, dass das Bild eine hohe Aufl\u00f6sung hat. F\u00fcr ein besseres Ergebnis empfehlen wir, dass die Schnauze Ihres Haustieres nach vorne zeigt und keine Accessoires vorhanden sind.<br \/>\n3- Laden Sie das Foto Ihres Haustieres \u00fcber Etsy-Nachrichten hoch oder senden Sie es uns per E-Mail an order[!at]puccha.com.<br \/>\n*** Wenn Sie uns einige Optionen zusenden m\u00f6chten, helfen wir Ihnen gerne bei der Auswahl der Option, die unserer Meinung nach die beste sein wird ***<br \/>\n4- Wir senden Ihnen das Muster innerhalb von 12 Stunden nach dem Kauf zu, bevor wir Ihr Mauspad bedrucken, und bitten Sie um eine Best\u00e4tigung, ob das Design Ihren Vorstellungen entspricht.<br \/>\n5- Bitte erlauben Sie uns nach der Best\u00e4tigung 2 bis 5 Tage, um Ihren Artikel vorzubereiten und zu versenden.<br \/>\n\u26a0\ufe0f PFLEGEHINWEISE<br \/>\nVerwenden Sie warmes Wasser und Sp\u00fclmittel, um Flecken von Ihrem Pad zu entfernen. Es ist nicht notwendig, das gesamte Pad einzuweichen. F\u00fcr schwer zu reinigende Stellen verwenden Sie eine B\u00fcrste mit weichen Borsten.<br \/>\n  BEARBEITUNGS- UND VERSANDZEIT<br \/>\nUnsere Artikel werden auf Bestellung gefertigt. Bitte rechnen Sie mit einer Produktionszeit von 2\u20135 Werktagen.<br \/>\nDer Versand in die USA dauert bis zu 3-6 Werktage.<br \/>\nDer weltweite Versand dauert bis zu 10\u201320 Werktage.<br \/>\n  R\u00dcCKGABERECHT<br \/>\nDa es sich um ein ma\u00dfgeschneidertes Produkt handelt, k\u00f6nnen wir leider keine R\u00fcckerstattung oder Umtausch anbieten, es sei denn, der Artikel ist besch\u00e4digt oder der Artikel wurde nie erhalten.<br \/>\n&#8212;&#8212;&#8212;&#8212;&#8212;&#8212;&#8212;&#8212;-<br \/>\n  Wir hoffen, dass Ihnen dieses Produkt gef\u00e4llt.<br \/>\nBitte hinterlassen Sie gerne eine Artikelbewertung!<br \/>\nBei Fragen kontaktieren Sie uns bitte direkt per Etsy-Nachricht oder per E-Mail: info[!at]puccha.com<br \/>\n&#8212;&#8212;&#8212;&#8212;&#8212;&#8212;&#8212;&#8212;-<\/p>","protected":false},"excerpt":{"rendered":"<p>Personalisieren Sie Ihren Schreibtisch mit einem personalisierten Mauspad, das das Portr\u00e4t Ihres pelzigen Freundes enth\u00e4lt. Hochwertiges Computer-Gadget, erh\u00e4ltlich in einer gro\u00dfen Auswahl an Farben und vollst\u00e4ndig nach Ihren W\u00fcnschen anpassbar. Dieses PC-Zubeh\u00f6r zeigt ein gezeichnetes Portr\u00e4t Ihres Haustiers und seinen Namen darunter. Dies kann ein beliebiges Haustierportr\u00e4t sein, welches Tier auch immer Sie am meisten lieben, und kann f\u00fcr Hunde-, Katzen-, Pferde-, Hamsterbesitzer und mehr individuell angepasst werden.<br \/>\nDieses Mauspad ist nicht nur ein auff\u00e4lliger, einzigartiger Akzent auf dem Schreibtisch, sondern auch personalisierbar. Es ist von hoher Qualit\u00e4t und bietet eine gleichm\u00e4\u00dfige, weiche, rutschfeste und haltbare Oberfl\u00e4che w\u00e4hrend Ihrer Arbeit. Mit einer Gummibasis und einer glatten Oberfl\u00e4che erledigen Sie die Arbeit im Handumdrehen, w\u00e4hrend Sie Ihr Fellbaby neben sich haben. Nicht nur ein einfaches Ger\u00e4t, sondern auch ein Andenken und sogar ein Erinnerungsst\u00fcck. Das coole Mauspad kann bei der Arbeit, im B\u00fcro oder sogar zu Hause als tolles Arbeitsger\u00e4t, Schreibtischzubeh\u00f6r und sogar als Gaming-Zubeh\u00f6r verwendet werden. Kaufen Sie es f\u00fcr sich selbst oder verschenken Sie es. Ein tolles Geschenk f\u00fcr Tierbesitzer, Liebhaber, Familienmitglieder und Freunde oder um Ihren pelzigen Freund zu \u00fcberraschen.<\/p>","protected":false},"featured_media":2984,"comment_status":"closed","ping_status":"closed","template":"","meta":[],"product_cat":[39],"product_tag":[699,660,656,664,666,667,659,661,662,655,657,658,663],"_links":{"self":[{"href":"https:\/\/puccha.com\/de\/wp-json\/wp\/v2\/product\/2983"}],"collection":[{"href":"https:\/\/puccha.com\/de\/wp-json\/wp\/v2\/product"}],"about":[{"href":"https:\/\/puccha.com\/de\/wp-json\/wp\/v2\/types\/product"}],"replies":[{"embeddable":true,"href":"https:\/\/puccha.com\/de\/wp-json\/wp\/v2\/comments?post=2983"}],"wp:featuredmedia":[{"embeddable":true,"href":"https:\/\/puccha.com\/de\/wp-json\/wp\/v2\/media\/2984"}],"wp:attachment":[{"href":"https:\/\/puccha.com\/de\/wp-json\/wp\/v2\/media?parent=2983"}],"wp:term":[{"taxonomy":"product_cat","embeddable":true,"href":"https:\/\/puccha.com\/de\/wp-json\/wp\/v2\/product_cat?post=2983"},{"taxonomy":"product_tag","embeddable":true,"href":"https:\/\/puccha.com\/de\/wp-json\/wp\/v2\/product_tag?post=2983"}],"curies":[{"name":"wp","href":"https:\/\/api.w.org\/{rel}","templated":true}]}}