{"id":2942,"date":"2023-11-20T17:30:56","date_gmt":"2023-11-20T22:30:56","guid":{"rendered":"https:\/\/puccha.com\/product\/pet-desk-mat-with-custom-portrait-personalized-name-dog-cat-non-slip-computer-gadget-pc-office-decor-accessory-coworker-gift-idea-2\/"},"modified":"2023-11-20T18:51:51","modified_gmt":"2023-11-20T23:51:51","slug":"pet-desk-mat-with-custom-portrait-personalized-name-dog-cat-non-slip-computer-gadget-pc-office-decor-accessory-coworker-gift-idea-2","status":"publish","type":"product","link":"https:\/\/puccha.com\/de\/produkt\/pet-desk-mat-with-custom-portrait-personalized-name-dog-cat-non-slip-computer-gadget-pc-office-decor-accessory-coworker-gift-idea-2\/","title":{"rendered":"Haustier-Schreibtischunterlage mit individuellem Portr\u00e4t, personalisiertem Namen, Hund, Katze, rutschfest, Computer-Gadget, PC, B\u00fcro, Dekor, Accessoire, Geschenkidee f\u00fcr Kollegen"},"content":{"rendered":"<p>\u26a1\ufe0f PRODUKTBESCHREIBUNG \u26a1\ufe0f<br \/>\n* Available in three sizes: 12&#8243; \u00d7 18&#8243;, 12&#8243; \u00d7 22&#8243;, 15.5&#8243; \u00d7 31&#8243;<br \/>\n* Non-slip bottom: Will not slide or move anywhere while in use.<br \/>\n* Personalized desk mat<br \/>\n* Entwickelt f\u00fcr Tierliebhaber<br \/>\n* Smooth surface &#8211; Provides effortless mouse gliding.<br \/>\n* Easy to clean.<br \/>\n* 4 mm thick neoprene.<br \/>\n  WIE MAN BESTELLT<br \/>\n1- Geben Sie bei der Bestellung den Namen Ihres Haustieres ein und w\u00e4hlen Sie die Schriftart aus, die Sie verwenden m\u00f6chten.<br \/>\n2- Machen Sie an einem ausreichend beleuchteten Ort von Kopf bis Brust ein Foto Ihres Haustieres von vorne nach vorne und achten Sie darauf, dass das Bild eine hohe Aufl\u00f6sung hat. F\u00fcr ein besseres Ergebnis empfehlen wir, dass die Schnauze Ihres Haustieres nach vorne zeigt und keine Accessoires vorhanden sind.<br \/>\n3- Laden Sie das Foto Ihres Haustieres \u00fcber Etsy-Nachrichten hoch oder senden Sie es uns per E-Mail an order[!at]puccha.com.<br \/>\n*** Wenn Sie uns einige Optionen zusenden m\u00f6chten, helfen wir Ihnen gerne bei der Auswahl der Option, die unserer Meinung nach die beste sein wird ***<br \/>\n4- We will send you the sample within 12 hours after of your purchase before printing your desk mat and will ask you to confirm if the design satisfies you.<br \/>\n5- Bitte erlauben Sie uns nach der Best\u00e4tigung 2 bis 5 Tage, um Ihren Artikel vorzubereiten und zu versenden.<br \/>\n\u26a0\ufe0f PFLEGEHINWEISE<br \/>\nVerwenden Sie warmes Wasser und Sp\u00fclmittel, um Flecken von Ihrem Pad zu entfernen. Es ist nicht notwendig, das gesamte Pad einzuweichen. F\u00fcr schwer zu reinigende Stellen verwenden Sie eine B\u00fcrste mit weichen Borsten.<br \/>\n  BEARBEITUNGS- UND VERSANDZEIT<br \/>\nUnsere Artikel werden auf Bestellung gefertigt. Bitte rechnen Sie mit einer Produktionszeit von 2\u20135 Werktagen.<br \/>\nDer Versand in die USA dauert bis zu 2\u20135 Werktage.<br \/>\nDer weltweite Versand dauert bis zu 10\u201320 Werktage.<br \/>\n  R\u00dcCKGABERECHT<br \/>\nDa es sich um ein ma\u00dfgeschneidertes Produkt handelt, k\u00f6nnen wir leider keine R\u00fcckerstattung oder Umtausch anbieten, es sei denn, der Artikel ist besch\u00e4digt oder der Artikel wurde nie erhalten.<br \/>\n&#8212;&#8212;&#8212;&#8212;&#8212;&#8212;&#8212;&#8212;-<br \/>\n  Wir hoffen, dass Ihnen dieses Produkt gef\u00e4llt.<br \/>\nBitte hinterlassen Sie gerne eine Artikelbewertung!<br \/>\nBei Fragen kontaktieren Sie uns bitte direkt per Etsy-Nachricht oder per E-Mail: info[!at]puccha.com<br \/>\n&#8212;&#8212;&#8212;&#8212;&#8212;&#8212;&#8212;&#8212;-<\/p>","protected":false},"excerpt":{"rendered":"<p>Customize your desk with a personalized desk mat that contains the portrait of your furry friend. Premium quality computer gadget available in a large selection of colors and fully customized to your liking. This PC accessory features a drawn portrait of your pet and its name below it. This can be any pet portrait, whatever animal you love the most, and can be customized for dog, cat, horse, hamster owners, and more.<br \/>\nAn eye-catching, unique accent on one&#8217;s desk, besides being personalized this mat is high-quality and offers a consistent, soft, non-slip, and durable surface during your work. With a rubber base and a smooth surface, you will get the job done in no time while having your fur baby next to you. Not just a simple gadget, but makes also a keepsake and even a memorial piece. The cool desk mat can be used at work, in the office, or even at home, as a great work tool, desk stationery, and even a gaming accessory. Buy it for yourself or gift it. Makes a great gift for pet owners, lovers, for family members, and friends, or to surprise your furry friend.<\/p>","protected":false},"featured_media":2943,"comment_status":"closed","ping_status":"closed","template":"","meta":[],"product_cat":[39],"product_tag":[684,660,682,664,667,683,661,662,681,685,657,658,663],"_links":{"self":[{"href":"https:\/\/puccha.com\/de\/wp-json\/wp\/v2\/product\/2942"}],"collection":[{"href":"https:\/\/puccha.com\/de\/wp-json\/wp\/v2\/product"}],"about":[{"href":"https:\/\/puccha.com\/de\/wp-json\/wp\/v2\/types\/product"}],"replies":[{"embeddable":true,"href":"https:\/\/puccha.com\/de\/wp-json\/wp\/v2\/comments?post=2942"}],"wp:featuredmedia":[{"embeddable":true,"href":"https:\/\/puccha.com\/de\/wp-json\/wp\/v2\/media\/2943"}],"wp:attachment":[{"href":"https:\/\/puccha.com\/de\/wp-json\/wp\/v2\/media?parent=2942"}],"wp:term":[{"taxonomy":"product_cat","embeddable":true,"href":"https:\/\/puccha.com\/de\/wp-json\/wp\/v2\/product_cat?post=2942"},{"taxonomy":"product_tag","embeddable":true,"href":"https:\/\/puccha.com\/de\/wp-json\/wp\/v2\/product_tag?post=2942"}],"curies":[{"name":"wp","href":"https:\/\/api.w.org\/{rel}","templated":true}]}}