{"id":2871,"date":"2023-11-20T17:21:39","date_gmt":"2023-11-20T22:21:39","guid":{"rendered":"https:\/\/puccha.com\/product\/pet-mug-custom-sketch-art-photo-name-personalized-dog-cat-portrait-coffee-cup-pet-mom-dad-owner-keepsake-memorial-condolence-sympathy-gift-2\/"},"modified":"2023-11-20T18:43:05","modified_gmt":"2023-11-20T23:43:05","slug":"pet-mug-custom-sketch-art-photo-name-personalized-dog-cat-portrait-coffee-cup-pet-mom-dad-owner-keepsake-memorial-condolence-sympathy-gift-2","status":"publish","type":"product","link":"https:\/\/puccha.com\/de\/produkt\/pet-mug-custom-sketch-art-photo-name-personalized-dog-cat-portrait-coffee-cup-pet-mom-dad-owner-keepsake-memorial-condolence-sympathy-gift-2\/","title":{"rendered":"Haustier-Tasse, individuelle Skizze, Kunst, Foto, Name, personalisierbar, Hund, Katze, Portr\u00e4t, Kaffeetasse, Haustier, Mutter, Vater, Besitzer, Andenken, Gedenken, Beileid, Beileid, Geschenk"},"content":{"rendered":"<p>WIE MAN BESTELLT<br \/>\n1- Geben Sie bei der Bestellung den Namen Ihres Haustieres ein und w\u00e4hlen Sie die Schriftart aus, die Sie verwenden m\u00f6chten.<br \/>\n2- Machen Sie an einem ausreichend beleuchteten Ort von Kopf bis Brust ein Foto Ihres Haustieres von vorne nach vorne und achten Sie darauf, dass das Bild eine hohe Aufl\u00f6sung hat. F\u00fcr ein besseres Ergebnis empfehlen wir, dass die Schnauze Ihres Haustieres nach vorne zeigt und keine Accessoires vorhanden sind.<br \/>\n3- Laden Sie das Foto Ihres Haustieres \u00fcber Etsy-Nachrichten hoch oder senden Sie es uns per E-Mail an order[!at]puccha.com.<br \/>\n*** Wenn Sie uns einige Optionen zusenden m\u00f6chten, helfen wir Ihnen gerne bei der Auswahl der Option, die unserer Meinung nach die beste sein wird ***<br \/>\n4- We will send you the sample within 24 hours after of your purchase before printing your poster and will ask you to confirm if the design satisfies you. The approval window after the final design is 48 hours. We&#8217;ll proceed with preparing your item if we don&#8217;t hear back from you after 48 hours.<br \/>\n5- Bitte erlauben Sie uns nach der Best\u00e4tigung 2 bis 5 Tage, um Ihren Artikel vorzubereiten und zu versenden.<br \/>\n\u26a1\ufe0f PRODUCT DESCRIPTION \u26a1\ufe0f * 11 oz (0.33 l).<br \/>\n* White ceramic with colored interior and handle.<br \/>\n* C-handle.<br \/>\n* Eye-catching color contrast.<br \/>\n* Microwave-safe &#8211; The mug can be safely placed in a microwave.<br \/>\n* Dishwasher-safe &#8211; Suitable for dishwasher use.<br \/>\n\u26a0\ufe0f PFLEGEHINWEISE<br \/>\nClean in dishwasher or wash by hand with warm water and dish soap.<br \/>\n  BEARBEITUNGS- UND VERSANDZEIT<br \/>\nUnsere Artikel werden auf Bestellung gefertigt. Bitte rechnen Sie mit einer Produktionszeit von 2\u20135 Werktagen.<br \/>\nUSA shipping takes up to 3-5 business days.<br \/>\nDer weltweite Versand dauert bis zu 10\u201320 Werktage.<br \/>\n  R\u00dcCKGABERECHT<br \/>\nDa es sich um ein ma\u00dfgeschneidertes Produkt handelt, k\u00f6nnen wir leider keine R\u00fcckerstattung oder Umtausch anbieten, es sei denn, der Artikel ist besch\u00e4digt oder der Artikel wurde nie erhalten.<br \/>\n&#8212;&#8212;&#8212;&#8212;&#8212;&#8212;&#8212;&#8212;-<br \/>\n  Wir hoffen, dass Ihnen dieses Produkt gef\u00e4llt.<br \/>\nBitte hinterlassen Sie gerne eine Artikelbewertung!<br \/>\nBei Fragen kontaktieren Sie uns bitte direkt per Etsy-Nachricht oder per E-Mail: info[!at]puccha.com<br \/>\n&#8212;&#8212;&#8212;&#8212;&#8212;&#8212;&#8212;&#8212;-<\/p>","protected":false},"excerpt":{"rendered":"<p>Sip your favorite beverage with a smile on your face from the cutest mug ever. This colored ceramic mug comes personalized with the portrait of your fur baby. Inspired by its photo, the portrait is realistic and artistic. For an extra touch of sentimental value, you can also add the name of your pet. Our personalized pet photo mugs can feature the portrait of any pet, may that be a cat, kitten, dog, puppy, bunny, or any other animal. The mug is made from high-quality ceramic and comes with a colored inner part, it is both stylish, modern, and practical drinkware for animal lovers.<br \/>\nThe personalized pet mug is a meaningful and adorable gift for all pet owners and not only. Buy it for yourself or gift it, for a pet lover and owner, pet sitter, dog walker for Christmas, secret Santa, birthday, Valentine\u2019s Day, anniversary, graduation, or just because.<\/p>","protected":false},"featured_media":2872,"comment_status":"closed","ping_status":"closed","template":"","meta":[],"product_cat":[20],"product_tag":[642,638,630,620,639,626,637,653,635,634,623,633,641],"_links":{"self":[{"href":"https:\/\/puccha.com\/de\/wp-json\/wp\/v2\/product\/2871"}],"collection":[{"href":"https:\/\/puccha.com\/de\/wp-json\/wp\/v2\/product"}],"about":[{"href":"https:\/\/puccha.com\/de\/wp-json\/wp\/v2\/types\/product"}],"replies":[{"embeddable":true,"href":"https:\/\/puccha.com\/de\/wp-json\/wp\/v2\/comments?post=2871"}],"wp:featuredmedia":[{"embeddable":true,"href":"https:\/\/puccha.com\/de\/wp-json\/wp\/v2\/media\/2872"}],"wp:attachment":[{"href":"https:\/\/puccha.com\/de\/wp-json\/wp\/v2\/media?parent=2871"}],"wp:term":[{"taxonomy":"product_cat","embeddable":true,"href":"https:\/\/puccha.com\/de\/wp-json\/wp\/v2\/product_cat?post=2871"},{"taxonomy":"product_tag","embeddable":true,"href":"https:\/\/puccha.com\/de\/wp-json\/wp\/v2\/product_tag?post=2871"}],"curies":[{"name":"wp","href":"https:\/\/api.w.org\/{rel}","templated":true}]}}