{"id":2805,"date":"2023-11-20T17:13:11","date_gmt":"2023-11-20T22:13:11","guid":{"rendered":"https:\/\/puccha.com\/product\/custom-christmas-wrapping-paper-with-personalized-name-holiday-festive-xmas-funny-gift-wrapping-paper-sheet-for-friends-family-children-2\/"},"modified":"2023-11-20T18:52:21","modified_gmt":"2023-11-20T23:52:21","slug":"custom-christmas-wrapping-paper-with-personalized-name-holiday-festive-xmas-funny-gift-wrapping-paper-sheet-for-friends-family-children-2","status":"publish","type":"product","link":"https:\/\/puccha.com\/de\/produkt\/custom-christmas-wrapping-paper-with-personalized-name-holiday-festive-xmas-funny-gift-wrapping-paper-sheet-for-friends-family-children-2\/","title":{"rendered":"Benutzerdefiniertes Weihnachts-Geschenkpapier mit personalisiertem Namen, weihnachtliches, lustiges Geschenkpapier f\u00fcr Freunde, Familie, Kinder"},"content":{"rendered":"<p>\u26a1\ufe0f PRODUKTBESCHREIBUNG \u26a1\ufe0f<br \/>\n* Made by using 90 gsm fine art paper, which is perfect for wrapping your gifts.<br \/>\n* Available in two sizes: 30&#8243; \u00d7 36&#8243;and 30&#8243; \u00d7 72&#8243;<br \/>\n* Glossy finish &#8211; printed in high-definition, on thick paper stock.<\/p>\n<p>\u26a0\ufe0f PFLEGEHINWEISE<br \/>\nUse a soft, clean, and dry cloth to gently brush any dust or dirt off from the center of the product outwards.<\/p>\n<p>  BEARBEITUNGS- UND VERSANDZEIT<br \/>\nUnsere Artikel werden auf Bestellung gefertigt. Bitte rechnen Sie mit einer Produktionszeit von 2\u20135 Werktagen.<br \/>\nDer Versand in die USA dauert bis zu 2\u20135 Werktage.<br \/>\nDer weltweite Versand dauert bis zu 10\u201320 Werktage.<\/p>\n<p>  R\u00dcCKGABERECHT<br \/>\nDa es sich um ein ma\u00dfgeschneidertes Produkt handelt, k\u00f6nnen wir leider keine R\u00fcckerstattung oder Umtausch anbieten, es sei denn, der Artikel ist besch\u00e4digt oder der Artikel wurde nie erhalten.<\/p>\n<p>&#8212;&#8212;&#8212;&#8212;&#8212;&#8212;&#8212;&#8212;-<\/p>\n<p>  Wir hoffen, dass Ihnen dieses Produkt gef\u00e4llt.<br \/>\nBitte hinterlassen Sie gerne eine Artikelbewertung!<\/p>\n<p>Bei Fragen kontaktieren Sie uns bitte direkt per Etsy-Nachricht oder per E-Mail: info[!at]puccha.com<\/p>\n<p>&#8212;&#8212;&#8212;&#8212;&#8212;&#8212;&#8212;&#8212;-<\/p>","protected":false},"excerpt":{"rendered":"<p>\u2728 Add a touch of personality to your wrapping paper with these custom wrapping papers featuring your family members, friends, or children&#8217;s names. Each roll is great for various small gifts or one-time usage for bigger gifts and is available in 10 different colors. While getting a gift is always a good thing, having a special or noteworthy wrap job is a big piece of the overall presentation. This wrapping paper features edge-to-edge printing on a premium 90 gsm glossy paper for a smooth and clean look, which is perfect for wrapping your gifts.<\/p>","protected":false},"featured_media":2806,"comment_status":"closed","ping_status":"closed","template":"","meta":[],"product_cat":[15],"product_tag":[851,1065,1060,1061,1068,1063,1070,1067,1062,1069,1064,1058,1066],"_links":{"self":[{"href":"https:\/\/puccha.com\/de\/wp-json\/wp\/v2\/product\/2805"}],"collection":[{"href":"https:\/\/puccha.com\/de\/wp-json\/wp\/v2\/product"}],"about":[{"href":"https:\/\/puccha.com\/de\/wp-json\/wp\/v2\/types\/product"}],"replies":[{"embeddable":true,"href":"https:\/\/puccha.com\/de\/wp-json\/wp\/v2\/comments?post=2805"}],"wp:featuredmedia":[{"embeddable":true,"href":"https:\/\/puccha.com\/de\/wp-json\/wp\/v2\/media\/2806"}],"wp:attachment":[{"href":"https:\/\/puccha.com\/de\/wp-json\/wp\/v2\/media?parent=2805"}],"wp:term":[{"taxonomy":"product_cat","embeddable":true,"href":"https:\/\/puccha.com\/de\/wp-json\/wp\/v2\/product_cat?post=2805"},{"taxonomy":"product_tag","embeddable":true,"href":"https:\/\/puccha.com\/de\/wp-json\/wp\/v2\/product_tag?post=2805"}],"curies":[{"name":"wp","href":"https:\/\/api.w.org\/{rel}","templated":true}]}}