{"id":2761,"date":"2023-11-20T17:07:32","date_gmt":"2023-11-20T22:07:32","guid":{"rendered":"https:\/\/puccha.com\/product\/pet-portrait-personalized-christmas-stocking-with-custom-name-dog-cat-bunny-hamster-puppy-holiday-festive-xmas-fireplace-mantel-decoration-2\/"},"modified":"2023-11-20T19:44:54","modified_gmt":"2023-11-21T00:44:54","slug":"pet-portrait-personalized-christmas-stocking-with-custom-name-dog-cat-bunny-hamster-puppy-holiday-festive-xmas-fireplace-mantel-decoration-2","status":"publish","type":"product","link":"https:\/\/puccha.com\/de\/produkt\/pet-portrait-personalized-christmas-stocking-with-custom-name-dog-cat-bunny-hamster-puppy-holiday-festive-xmas-fireplace-mantel-decoration-2\/","title":{"rendered":"Haustierportrait, personalisierter Weihnachtsstrumpf mit individuellem Namen, Hund, Katze, Hase, Hamster, Welpe, Urlaub, festliche Weihnachten, Kaminsims-Dekoration"},"content":{"rendered":"<p>\u26a1\ufe0f PRODUKTBESCHREIBUNG \u26a1\ufe0f<br \/>\n* Personalized Christmas stocking.<br \/>\n* Dual-sided print.<br \/>\n* 100% Polyester fleece.<br \/>\n* Size: Cuff Width -> 30cm (11.81\u201d), Cuff to heel -> 44cm (17.32\u201d), Heel to toe -> 42cm (16.54\u201d)<br \/>\n* 3&#8243; twill ribbon hanging loop.<br \/>\n* Spacious &#8211; The stocking is spacious, with the possibility to fit a lot of presents.<br \/>\n* Soft and plush fleece material.<br \/>\n* Attached loop for easy hanging.<\/p>\n<p>  WIE MAN BESTELLT<\/p>\n<p>1- Place the order with the name of your pet choose the font that you would like to use.<\/p>\n<p>2- Machen Sie an einem ausreichend beleuchteten Ort von Kopf bis Brust ein Foto Ihres Haustieres von vorne nach vorne und achten Sie darauf, dass das Bild eine hohe Aufl\u00f6sung hat. F\u00fcr ein besseres Ergebnis empfehlen wir, dass die Schnauze Ihres Haustieres nach vorne zeigt und keine Accessoires vorhanden sind.<\/p>\n<p>3- Laden Sie das Foto Ihres Haustieres \u00fcber Etsy-Nachrichten hoch oder senden Sie es uns per E-Mail an order[!at]puccha.com.<\/p>\n<p>*** Wenn Sie uns einige Optionen zusenden m\u00f6chten, helfen wir Ihnen gerne bei der Auswahl der Option, die unserer Meinung nach die beste sein wird ***<\/p>\n<p>4- We will send you the sample within 24 hours after of your purchase before printing your stockings and will ask you to confirm if the design satisfies you. The approval window after the final design is 48 hours. We&#8217;ll proceed with preparing your item if we don&#8217;t hear back from you after 48 hours.<\/p>\n<p>5- Bitte erlauben Sie uns nach der Best\u00e4tigung 2 bis 5 Tage, um Ihren Artikel vorzubereiten und zu versenden.<\/p>\n<p>\u26a0\ufe0f PFLEGEHINWEISE<br \/>\n* Wash the item only cold machine wash with similar colors garments using a gentle cycle.<br \/>\n* Tumble dry on low settings or hang dry.<br \/>\n* Do not bleach or dry clean. <\/p>\n<p>  BEARBEITUNGS- UND VERSANDZEIT<br \/>\nUnsere Artikel werden auf Bestellung gefertigt. Bitte rechnen Sie mit einer Produktionszeit von 2\u20135 Werktagen.<br \/>\nDer Versand in die USA dauert bis zu 2\u20135 Werktage.<br \/>\nCanada shipping takes up to 5-15 business days.<br \/>\nDer weltweite Versand dauert bis zu 10\u201320 Werktage.<\/p>\n<p>  R\u00dcCKGABERECHT<br \/>\nDa es sich um ein ma\u00dfgeschneidertes Produkt handelt, k\u00f6nnen wir leider keine R\u00fcckerstattung oder Umtausch anbieten, es sei denn, der Artikel ist besch\u00e4digt oder der Artikel wurde nie erhalten.<\/p>\n<p>&#8212;&#8212;&#8212;&#8212;&#8212;&#8212;&#8212;&#8212;-<\/p>\n<p>  Wir hoffen, dass Ihnen dieses Produkt gef\u00e4llt.<br \/>\nBitte hinterlassen Sie gerne eine Artikelbewertung!<\/p>\n<p>Bei Fragen kontaktieren Sie uns bitte direkt per Etsy-Nachricht oder per E-Mail: info[!at]puccha.com<\/p>\n<p>&#8212;&#8212;&#8212;&#8212;&#8212;&#8212;&#8212;&#8212;-<\/p>","protected":false},"excerpt":{"rendered":"<p>Give your home a festive touch and express your love for your fur baby with our personalized Christmas stockings. Super cute and fun stockings entirely customized and personalized. White polyester stockings with different design options and loop for easy hanging. This festive stocking features your pet&#8217;s portrait and name, and it can be customized with any pet, dog, cat, hamster, and even your favorite animal. The stocking features the portrait of your own furry baby with Santa\u2019s hat. <\/p>\n<p>The stockings are perfect for gifts, treats, smaller toys, and Christmas goodies for your pets. Use it to add your pet\u2019s Christmas gifts, as a holiday keepsake, or as a memorial piece to always keep for your pet a place in the holiday set up. Although they make the perfect fireplace mantel, they will look as great hung on the Xmas tree, wall, door, or other festive corners of your home.<\/p>\n<p>Its delicate yet adorable sentiments make it the perfect gift for all the animal lovers on your list and can make a great memorial piece that is sure to make its intended wearer smile. Gift it to pet owners, lovers, for family members, and friends, or surprise your furry friend.<\/p>","protected":false},"featured_media":2762,"comment_status":"closed","ping_status":"closed","template":"","meta":[],"product_cat":[15],"product_tag":[806,800,801,805,810,808,1059,807,812,803,804,802,1058],"_links":{"self":[{"href":"https:\/\/puccha.com\/de\/wp-json\/wp\/v2\/product\/2761"}],"collection":[{"href":"https:\/\/puccha.com\/de\/wp-json\/wp\/v2\/product"}],"about":[{"href":"https:\/\/puccha.com\/de\/wp-json\/wp\/v2\/types\/product"}],"replies":[{"embeddable":true,"href":"https:\/\/puccha.com\/de\/wp-json\/wp\/v2\/comments?post=2761"}],"wp:featuredmedia":[{"embeddable":true,"href":"https:\/\/puccha.com\/de\/wp-json\/wp\/v2\/media\/2762"}],"wp:attachment":[{"href":"https:\/\/puccha.com\/de\/wp-json\/wp\/v2\/media?parent=2761"}],"wp:term":[{"taxonomy":"product_cat","embeddable":true,"href":"https:\/\/puccha.com\/de\/wp-json\/wp\/v2\/product_cat?post=2761"},{"taxonomy":"product_tag","embeddable":true,"href":"https:\/\/puccha.com\/de\/wp-json\/wp\/v2\/product_tag?post=2761"}],"curies":[{"name":"wp","href":"https:\/\/api.w.org\/{rel}","templated":true}]}}