{"id":2706,"date":"2023-11-20T17:00:48","date_gmt":"2023-11-20T22:00:48","guid":{"rendered":"https:\/\/puccha.com\/product\/pet-photo-custom-christmas-ornament-with-personalized-name-holiday-festive-xmas-keepsake-decoration-gift-for-dog-cat-dad-mom-owner-2\/"},"modified":"2023-11-20T19:45:07","modified_gmt":"2023-11-21T00:45:07","slug":"pet-photo-custom-christmas-ornament-with-personalized-name-holiday-festive-xmas-keepsake-decoration-gift-for-dog-cat-dad-mom-owner-2","status":"publish","type":"product","link":"https:\/\/puccha.com\/de\/produkt\/pet-photo-custom-christmas-ornament-with-personalized-name-holiday-festive-xmas-keepsake-decoration-gift-for-dog-cat-dad-mom-owner-2\/","title":{"rendered":"Personalisierter Haustier-Foto-Weihnachtsschmuck mit personalisiertem Namen, festliche Weihnachtsandenken-Dekoration, Geschenk f\u00fcr Hund, Katze, Vater, Mutter, Besitzer"},"content":{"rendered":"<p>WIE MAN BESTELLT<\/p>\n<p>1- Geben Sie bei der Bestellung den Namen Ihres Haustieres ein und w\u00e4hlen Sie die Schriftart aus, die Sie verwenden m\u00f6chten.<\/p>\n<p>2- Machen Sie an einem ausreichend beleuchteten Ort von Kopf bis Brust ein Foto Ihres Haustieres von vorne nach vorne und achten Sie darauf, dass das Bild eine hohe Aufl\u00f6sung hat. F\u00fcr ein besseres Ergebnis empfehlen wir, dass die Schnauze Ihres Haustieres nach vorne zeigt und keine Accessoires vorhanden sind.<\/p>\n<p>3- Laden Sie das Foto Ihres Haustieres \u00fcber Etsy-Nachrichten hoch oder senden Sie es uns per E-Mail an order[!at]puccha.com.<\/p>\n<p>*** Wenn Sie uns einige Optionen zusenden m\u00f6chten, helfen wir Ihnen gerne bei der Auswahl der Option, die unserer Meinung nach die beste sein wird ***<\/p>\n<p>4- We will send you the sample within 24 hours after of your purchase before printing your poster and will ask you to confirm if the design satisfies you. The approval window after the final design is 48 hours. We&#8217;ll proceed with preparing your item if we don&#8217;t hear back from you after 48 hours.<\/p>\n<p>5- Bitte erlauben Sie uns nach der Best\u00e4tigung 2 bis 5 Tage, um Ihren Artikel vorzubereiten und zu versenden.<\/p>\n<p>\u26a1\ufe0f PRODUKTBESCHREIBUNG \u26a1\ufe0f<\/p>\n<p>* Ceramic.<br \/>\n* Solid one-piece construction &#8211; No glued or &#8220;sandwiched&#8221; materials to wear out or fall apart.<br \/>\n* 0.125&#8243; (3mm) thick high-quality porcelain.<br \/>\n* One-sided print.<br \/>\n* Hole for the hanging string.<br \/>\n* Gold-toned string included.<br \/>\n* The height of the hole can slightly deviate.<br \/>\n* Each pack contains a single ornament.<\/p>\n<p>  SIZING<br \/>\n* 2.76&#8243; (W) x 2.76&#8243; (H) x 0.12&#8243; (D)<\/p>\n<p>\u26a0\ufe0f PFLEGEHINWEISE<br \/>\nWipe the dust off gently with a clean, dry microfiber cloth. <\/p>\n<p>  BEARBEITUNGS- UND VERSANDZEIT<br \/>\nUnsere Artikel werden auf Bestellung gefertigt. Bitte rechnen Sie mit einer Produktionszeit von 2\u20135 Werktagen.<br \/>\nDer Versand in die USA dauert bis zu 2\u20135 Werktage.<br \/>\nDer weltweite Versand dauert bis zu 10\u201320 Werktage.<\/p>\n<p>  R\u00dcCKGABERECHT<br \/>\nDa es sich um ein ma\u00dfgeschneidertes Produkt handelt, k\u00f6nnen wir leider keine R\u00fcckerstattung oder Umtausch anbieten, es sei denn, der Artikel ist besch\u00e4digt oder der Artikel wurde nie erhalten.<\/p>\n<p>&#8212;&#8212;&#8212;&#8212;&#8212;&#8212;&#8212;&#8212;-<\/p>\n<p>  Wir hoffen, dass Ihnen dieses Produkt gef\u00e4llt.<br \/>\nBitte hinterlassen Sie gerne eine Artikelbewertung!<\/p>\n<p>Bei Fragen kontaktieren Sie uns bitte direkt per Etsy-Nachricht oder per E-Mail: info[!at]puccha.com<\/p>\n<p>&#8212;&#8212;&#8212;&#8212;&#8212;&#8212;&#8212;&#8212;-<\/p>","protected":false},"excerpt":{"rendered":"<p>Give your home a festive touch and express your love for your fur baby with our personalized Christmas ornament. Super cute and fun ornaments entirely customized and personalized. White ceramic design and loop for easy hanging. This festive ornament features your pet&#8217;s portrait and name, and it can be customized with any pet, dog, cat, hamster, and even your favorite animal. The ornament features the portrait of your own furry baby with Santa\u2019s hat.<\/p>\n<p>The ornaments are perfect for gifts, treats, smaller toys, and Christmas goodies for your pets. Use it to add your pet\u2019s Christmas gifts, as a holiday keepsake, or as a memorial piece to always keep for your pet a place in the holiday set up. Although they make the perfect fireplace mantel, they will look as great hung on the Xmas tree, wall, door, or other festive corners of your home.<\/p>\n<p>Its delicate yet adorable sentiments make it the perfect gift for all the animal lovers on your list and can make a great memorial piece that is sure to make its intended wearer smile. Gift it to pet owners, lovers, for family members, and friends, or surprise your furry friend.<\/p>","protected":false},"featured_media":2707,"comment_status":"closed","ping_status":"closed","template":"","meta":[],"product_cat":[15,39],"product_tag":[872,866,867,1056,871,874,1055,807,811,869,868,870,1052],"_links":{"self":[{"href":"https:\/\/puccha.com\/de\/wp-json\/wp\/v2\/product\/2706"}],"collection":[{"href":"https:\/\/puccha.com\/de\/wp-json\/wp\/v2\/product"}],"about":[{"href":"https:\/\/puccha.com\/de\/wp-json\/wp\/v2\/types\/product"}],"replies":[{"embeddable":true,"href":"https:\/\/puccha.com\/de\/wp-json\/wp\/v2\/comments?post=2706"}],"wp:featuredmedia":[{"embeddable":true,"href":"https:\/\/puccha.com\/de\/wp-json\/wp\/v2\/media\/2707"}],"wp:attachment":[{"href":"https:\/\/puccha.com\/de\/wp-json\/wp\/v2\/media?parent=2706"}],"wp:term":[{"taxonomy":"product_cat","embeddable":true,"href":"https:\/\/puccha.com\/de\/wp-json\/wp\/v2\/product_cat?post=2706"},{"taxonomy":"product_tag","embeddable":true,"href":"https:\/\/puccha.com\/de\/wp-json\/wp\/v2\/product_tag?post=2706"}],"curies":[{"name":"wp","href":"https:\/\/api.w.org\/{rel}","templated":true}]}}