{"id":4069,"date":"2023-11-24T05:00:51","date_gmt":"2023-11-24T10:00:51","guid":{"rendered":"https:\/\/puccha.com\/?page_id=4069"},"modified":"2023-11-24T05:30:39","modified_gmt":"2023-11-24T10:30:39","slug":"cookie-policy","status":"publish","type":"page","link":"https:\/\/puccha.com\/de\/cookie-richtlinie\/","title":{"rendered":"Cookie-Richtlinie"},"content":{"rendered":"<div id=\"fws_69d0d50ca2853\"  data-column-margin=\"default\" data-midnight=\"dark\"  class=\"wpb_row vc_row-fluid vc_row\"  style=\"padding-top: 0px; padding-bottom: 0px; \"><div class=\"row-bg-wrap\" data-bg-animation=\"none\" data-bg-animation-delay=\"\" data-bg-overlay=\"false\"><div class=\"inner-wrap row-bg-layer\" ><div class=\"row-bg viewport-desktop\"  style=\"\"><\/div><\/div><\/div><div class=\"row_col_wrap_12 col span_12 dark left\">\n\t<div  class=\"vc_col-sm-2 vc_hidden-xs wpb_column column_container vc_column_container col nectar-sticky-column no-extra-padding inherit_tablet inherit_phone\"  data-padding-pos=\"all\" data-has-bg-color=\"false\" data-bg-color=\"\" data-bg-opacity=\"1\" data-animation=\"\" data-delay=\"0\" >\n\t\t<div class=\"vc_column-inner\" >\n\t\t\t<div class=\"wpb_wrapper\">\n\t\t\t\t<div class=\"img-with-aniamtion-wrap\" data-max-width=\"100%\" data-max-width-mobile=\"default\" data-border-radius=\"10px\" data-shadow=\"none\" data-animation=\"none\" >\n      <div class=\"inner\">\n        <div class=\"hover-wrap\"> \n          <div class=\"hover-wrap-inner\">\n            <img loading=\"lazy\" decoding=\"async\" class=\"img-with-animation skip-lazy\" data-delay=\"0\" height=\"512\" width=\"512\" data-animation=\"none\" src=\"https:\/\/puccha.com\/wp-content\/uploads\/2023\/11\/cropped-favicon.png\" alt=\"\" srcset=\"https:\/\/puccha.com\/wp-content\/uploads\/2023\/11\/cropped-favicon.png 512w, https:\/\/puccha.com\/wp-content\/uploads\/2023\/11\/cropped-favicon-300x300.png 300w, https:\/\/puccha.com\/wp-content\/uploads\/2023\/11\/cropped-favicon-150x150.png 150w, https:\/\/puccha.com\/wp-content\/uploads\/2023\/11\/cropped-favicon-140x140.png 140w, https:\/\/puccha.com\/wp-content\/uploads\/2023\/11\/cropped-favicon-100x100.png 100w, https:\/\/puccha.com\/wp-content\/uploads\/2023\/11\/cropped-favicon-500x500.png 500w, https:\/\/puccha.com\/wp-content\/uploads\/2023\/11\/cropped-favicon-350x350.png 350w, https:\/\/puccha.com\/wp-content\/uploads\/2023\/11\/cropped-favicon-270x270.png 270w, https:\/\/puccha.com\/wp-content\/uploads\/2023\/11\/cropped-favicon-192x192.png 192w, https:\/\/puccha.com\/wp-content\/uploads\/2023\/11\/cropped-favicon-180x180.png 180w, https:\/\/puccha.com\/wp-content\/uploads\/2023\/11\/cropped-favicon-32x32.png 32w\" sizes=\"(max-width: 512px) 100vw, 512px\" \/>\n          <\/div>\n        <\/div>\n      <\/div>\n    <\/div>\n\t\t\t<\/div> \n\t\t<\/div>\n\t<\/div> \n\n\t<div  class=\"vc_col-sm-10 wpb_column column_container vc_column_container col padding-2-percent inherit_tablet inherit_phone\"  data-padding-pos=\"all\" data-has-bg-color=\"false\" data-bg-color=\"\" data-bg-opacity=\"1\" data-animation=\"\" data-delay=\"0\" >\n\t\t<div class=\"vc_column-inner\" >\n\t\t\t<div class=\"wpb_wrapper\">\n\t\t\t\t<h1 style=\"font-size: 3vw;color: #592c39;line-height: 1.1;text-align: left\" class=\"vc_custom_heading vc_custom_1700821823989\" >Cookie-Richtlinie<\/h1>\n<div class=\"wpb_text_column wpb_content_element\" >\n\t<div class=\"wpb_wrapper\">\n\t\t<p>Puccha respektiert Ihre Bedenken hinsichtlich der Privatsph\u00e4re. Wenn Sie unsere Website oder mobile Website besuchen, darauf zugreifen oder sie nutzen, erhalten wir bestimmte Informationen durch automatisierte Mittel, wie Cookies, Webserver-Protokolle, Web-Beacons und andere Technologien (zusammen \u201eCookies\u201c), die auf diese Cookie-Richtlinie verweisen ( gemeinsam die \u201eWebsite\u201c). In dieser Cookie-Richtlinie wird erl\u00e4utert, wie wir Cookies verwenden, welche Zwecke sie erf\u00fcllen und wie Sie sie steuern k\u00f6nnen. Unsere Verwendung von Cookies kann die Verarbeitung personenbezogener Daten beinhalten. Weitere Informationen zu unseren Datenschutzpraktiken finden Sie in unserer <a href=\"https:\/\/puccha.com\/de\/datenschutzrichtlinie\/\">Datenschutzrichtlinie<\/a>.<\/p>\n<h4>Was sind Cookies?<\/h4>\n<p>Ein \u201eCookie\u201c ist eine Textdatei, die die Website an den Computer oder ein anderes mit dem Internet verbundenes Ger\u00e4t eines Besuchers sendet, um den Browser des Besuchers eindeutig zu identifizieren oder Informationen oder Einstellungen im Browser zu speichern. Diese Technologie hilft uns, (1) Ihre Daten zu speichern, sodass Sie sie nicht erneut eingeben m\u00fcssen; (2) nachverfolgen und verstehen, wie Sie die Website nutzen und mit ihr interagieren; (3) Passen Sie die Website an Ihre Vorlieben an; (4) die Benutzerfreundlichkeit der Website messen; (5) die Wirksamkeit unserer Kommunikation verstehen; und (6) die Website anderweitig zu verwalten und zu verbessern.<\/p>\n<h4>Welche Informationen erhalten wir durch Cookies?<\/h4>\n<p>Zu den Informationen, die wir \u00fcber Cookies erhalten, geh\u00f6ren die IP-Adresse Ihres Ger\u00e4ts, der Dom\u00e4nenname, mit Ihren Ger\u00e4ten verkn\u00fcpfte Kennungen, Typ und Eigenschaften des Ger\u00e4ts und Betriebssystems, Eigenschaften des Webbrowsers, Spracheinstellungen, Clickstream-Daten und Ihre Interaktionen mit der Website (z. B. den Webseiten). die Sie besuchen, die von Ihnen angeklickten Links und die von Ihnen genutzten Funktionen), die Seiten, die Sie zur Website gef\u00fchrt oder verwiesen haben, Datum und Uhrzeit des Zugriffs auf die Website sowie andere Informationen \u00fcber Ihre Nutzung der Website.<\/p>\n<h4>Auf unserer Website verwendete Cookies<\/h4>\n<p>Nachfolgend finden Sie eine Liste der Cookies, die wir auf unserer Website verwenden. Nachfolgend k\u00f6nnen Sie Ihre Auswahl hinsichtlich der Verwendung von Cookies angeben. Bitte beachten Sie, dass Sie je nach Auswahl m\u00f6glicherweise nicht alle Vorteile der Website oder unserer Produkte und Dienstleistungen nutzen k\u00f6nnen.<\/p>\n<p><strong>Unverzichtbare Cookies<\/strong><\/p>\n<p>Diese Cookies sind f\u00fcr die Nutzung und Navigation auf unserer Website unerl\u00e4sslich. Unverzichtbare Cookies helfen uns dabei, Informationen wie Ihre Sitzungs-ID und andere Serverinformationen zu sammeln, die es uns erm\u00f6glichen, Benutzer zu authentifizieren. Wesentliche Cookies werden gel\u00f6scht, wenn Sie Ihre Browsersitzung beenden oder innerhalb kurzer Zeit danach.<\/p>\n<p><strong>Funktionale Cookies<\/strong><\/p>\n<p>Diese Cookies sammeln Informationen \u00fcber Ihre Auswahl oder speichern Ihre Pr\u00e4ferenzen, damit wir Ihnen relevante Inhalte anzeigen k\u00f6nnen. Sie erm\u00f6glichen es uns, Ihren Standort zu identifizieren, Ihre Sprache w\u00e4hrend einer Browsersitzung zu speichern und die Website, auf die Sie zugegriffen haben, anzupassen. Diese Cookies werden gel\u00f6scht, wenn Sie Ihre Browsersitzung beenden.<\/p>\n<p><strong>Analyse-Cookies<\/strong><\/p>\n<p>Wir verwenden Analyse-Cookies, um Informationen dar\u00fcber zu sammeln, wie Benutzer auf unserer Website navigieren und sie nutzen, z. B. wie die Benutzer unsere Website durchsuchen, welche Seiten sie anzeigen, wie lange sie auf einer Seite bleiben und ob die Seite korrekt angezeigt wird oder ob Fehler auftreten. Solche Cookies helfen uns, die Leistung unserer Website zu verbessern und die Website benutzerfreundlicher zu machen. Bei einigen dieser Cookies handelt es sich um dauerhafte Cookies, die f\u00fcr einen bestimmten Zeitraum nach Beendigung Ihrer Browsersitzung auf Ihrem Computer oder einem anderen mit dem Internet verbundenen Ger\u00e4t verbleiben, sofern Sie sie nicht l\u00f6schen. Diese Cookies werden von Analyse-Drittanbietern, einschlie\u00dflich Google Analytics, bereitgestellt. F\u00fcr weitere Informationen zu den Cookies dieser Drittanbieter klicken Sie bitte auf die folgenden Links:<br \/>\n<a href=\"https:\/\/support.google.com\/analytics\/answer\/6004245\" target=\"_blank\" rel=\"noopener\">Google Analytics<\/a><\/p>\n<h4>Cookies von Drittanbietern<\/h4>\n<p>Unter bestimmten Umst\u00e4nden arbeiten wir mit Dritten zusammen, um unseren Benutzern bestimmte Dienste bereitzustellen, z. B. zus\u00e4tzliche Funktionen (einschlie\u00dflich der M\u00f6glichkeit, Videos auf unserer Website anzuzeigen) und eine Verbindung zu bestimmten sozialen Netzwerken herzustellen. Diese Dritten verwenden Cookies, um Informationen auf unserer Website zu sammeln, unter anderem \u00fcber Plug-ins und Widgets. Bei einigen dieser Cookies handelt es sich um dauerhafte Cookies, die f\u00fcr einen bestimmten Zeitraum nach Beendigung Ihrer Browsersitzung auf Ihrem Computer oder einem anderen mit dem Internet verbundenen Ger\u00e4t verbleiben, sofern Sie sie nicht l\u00f6schen.<br \/>\nDie Datenschutzpraktiken dieser Dritten, einschlie\u00dflich Facebook, Instagram und LinkedIn, unterliegen den Datenschutzerkl\u00e4rungen dieser Dritten, die hier verf\u00fcgbar sind:<br \/>\n<strong>&#8211;<\/strong> <a href=\"https:\/\/www.facebook.com\/full_data_use_policy\" target=\"_blank\" rel=\"noopener\">Facebook<\/a><br \/>\n<strong>&#8211; <\/strong><a href=\"https:\/\/help.instagram.com\/519522125107875\" target=\"_blank\" rel=\"noopener\">Instagram<\/a><br \/>\n<strong>&#8211; <\/strong><a href=\"https:\/\/www.linkedin.com\/legal\/privacy-policy\" target=\"_blank\" rel=\"noopener\">LinkedIn<\/a><\/p>\n<h4>Deine Entscheidungen<\/h4>\n<p>Sie k\u00f6nnen Ihre Wahl hinsichtlich der Verwendung von Cookies angeben. Bitte beachten Sie, dass Sie je nach Auswahl m\u00f6glicherweise nicht alle Vorteile der Website oder unserer Produkte und Dienstleistungen nutzen k\u00f6nnen. Sie k\u00f6nnen das Herunterladen von Cookies auf Ihren Computer verhindern, indem Sie die entsprechenden Einstellungen in Ihrem Webbrowser ausw\u00e4hlen. In den meisten Webbrowsern erfahren Sie, wie Sie die Annahme neuer Cookies stoppen, benachrichtigt werden, wenn Sie ein neues Cookie erhalten, und wie Sie vorhandene Cookies deaktivieren k\u00f6nnen. Im Microsoft Internet Explorer k\u00f6nnen Sie dies tun, indem Sie \u201eExtras\/Internetoptionen\u201c ausw\u00e4hlen und Ihre Datenschutzeinstellungen \u00fcberpr\u00fcfen oder \u201eCookies l\u00f6schen\u201c ausw\u00e4hlen. Sie k\u00f6nnen herausfinden, wie Sie dies f\u00fcr Ihren speziellen Browser tun, indem Sie im Men\u00fc Ihres Browsers auf \u201eHilfe\u201c klicken oder www.allaboutcookies.org besuchen. Bei Mobilger\u00e4ten k\u00f6nnen Sie verwalten, wie Ihr Ger\u00e4t und Ihr Browser bestimmte Ger\u00e4tedaten teilen, indem Sie die Datenschutz- und Sicherheitseinstellungen auf Ihrem Mobilger\u00e4t anpassen. Bitte beachten Sie jedoch, dass Sie ohne Cookies m\u00f6glicherweise nicht in der Lage sind, die Website oder unsere Produkte oder Dienstleistungen in vollem Umfang zu nutzen.<\/p>\n<h4>Kontaktiere uns<\/h4>\n<p>Wenn Sie Fragen zu dieser Cookie-Richtlinie haben, kontaktieren Sie uns bitte per E-Mail unter: info@puccha.com<\/p>\n\t<\/div>\n<\/div>\n\n\n\n\n\t\t\t<\/div> \n\t\t<\/div>\n\t<\/div> \n<\/div><\/div>","protected":false},"excerpt":{"rendered":"Cookie Policy Puccha respects your concerns about privacy. We obtain certain information by automated means, such as cookies, web server logs, web beacons, and other technologies (collectively \u201cCookies\u201d) when you...","protected":false},"author":2,"featured_media":0,"parent":0,"menu_order":0,"comment_status":"closed","ping_status":"closed","template":"","meta":{"footnotes":""},"_links":{"self":[{"href":"https:\/\/puccha.com\/de\/wp-json\/wp\/v2\/pages\/4069"}],"collection":[{"href":"https:\/\/puccha.com\/de\/wp-json\/wp\/v2\/pages"}],"about":[{"href":"https:\/\/puccha.com\/de\/wp-json\/wp\/v2\/types\/page"}],"author":[{"embeddable":true,"href":"https:\/\/puccha.com\/de\/wp-json\/wp\/v2\/users\/2"}],"replies":[{"embeddable":true,"href":"https:\/\/puccha.com\/de\/wp-json\/wp\/v2\/comments?post=4069"}],"version-history":[{"count":4,"href":"https:\/\/puccha.com\/de\/wp-json\/wp\/v2\/pages\/4069\/revisions"}],"predecessor-version":[{"id":4078,"href":"https:\/\/puccha.com\/de\/wp-json\/wp\/v2\/pages\/4069\/revisions\/4078"}],"wp:attachment":[{"href":"https:\/\/puccha.com\/de\/wp-json\/wp\/v2\/media?parent=4069"}],"curies":[{"name":"wp","href":"https:\/\/api.w.org\/{rel}","templated":true}]}}