{"id":3830,"date":"2023-11-21T04:50:04","date_gmt":"2023-11-21T09:50:04","guid":{"rendered":"https:\/\/puccha.com\/?page_id=3830"},"modified":"2023-11-24T10:00:32","modified_gmt":"2023-11-24T15:00:32","slug":"faq","status":"publish","type":"page","link":"https:\/\/puccha.com\/de\/faq\/","title":{"rendered":"FAQ"},"content":{"rendered":"<div id=\"fws_69d05dcc50c4e\"  data-column-margin=\"default\" data-midnight=\"dark\" data-top-percent=\"3%\" data-bottom-percent=\"8%\"  class=\"wpb_row vc_row-fluid vc_row full-width-section parallax_section zindex-set\"  style=\"padding-top: calc(100vw * 0.03); padding-bottom: calc(100vw * 0.08);  z-index: 10;\"><div class=\"row-bg-wrap\" data-bg-animation=\"none\" data-bg-animation-delay=\"\" data-bg-overlay=\"false\"><div class=\"inner-wrap row-bg-layer\" ><div class=\"row-bg viewport-desktop using-bg-color\" data-parallax-speed=\"fast\" style=\"background-color: #ffffff; \"><\/div><\/div><\/div><div class=\"row_col_wrap_12 col span_12 dark left\">\n\t<div  class=\"vc_col-sm-12 wpb_column column_container vc_column_container col no-extra-padding inherit_tablet inherit_phone\"  data-padding-pos=\"right\" data-has-bg-color=\"false\" data-bg-color=\"\" data-bg-opacity=\"1\" data-animation=\"\" data-delay=\"0\" >\n\t\t<div class=\"vc_column-inner\" >\n\t\t\t<div class=\"wpb_wrapper\">\n\t\t\t\t<div id=\"fws_69d05dcc5101f\" data-midnight=\"\" data-column-margin=\"default\" class=\"wpb_row vc_row-fluid vc_row inner_row\"  style=\"padding-bottom: 3%; \"><div class=\"row-bg-wrap\"> <div class=\"row-bg\" ><\/div> <\/div><div class=\"row_col_wrap_12_inner col span_12  left\">\n\t<div  class=\"vc_col-sm-12 wpb_column column_container vc_column_container col child_column centered-text no-extra-padding inherit_tablet inherit_phone\"   data-padding-pos=\"all\" data-has-bg-color=\"false\" data-bg-color=\"\" data-bg-opacity=\"1\" data-animation=\"\" data-delay=\"0\" >\n\t\t<div class=\"vc_column-inner\" >\n\t\t<div class=\"wpb_wrapper\">\n\t\t\t<div class=\"nectar-responsive-text nectar-link-underline-effect\" style=\"color: #592c39;\"><h2>H\u00e4ufig gestellte Fragen<\/h2>\n<\/div>\n\t\t<\/div> \n\t<\/div>\n\t<\/div> \n<\/div><\/div><div class=\"toggles accordion toggles--minimal-shadow\" data-br=\"10px\" data-starting=\"default\" data-style=\"minimal\"><div class=\"toggle default\" data-inner-wrap=\"true\"><h3 class=\"toggle-title\"><a href=\"#\" role=\"button\" class=\"nectar-inherit-h3 toggle-heading\"><i role=\"presentation\" class=\"fa fa-plus-circle\"><\/i>Wie kann ich eine Bestellung aufgeben?<\/a><\/h3><div><div class=\"inner-toggle-wrap\"><div class=\"nectar-responsive-text font_size_min_14px font_size_max_20px font_size_desktop_1-1vw font_line_height_1-6 nectar-link-underline-effect\"><p>\u00dcber jeden Produktlink gelangen Sie zu unserem Etsy-Shop, wo Sie Ihre Bestellung aufgeben k\u00f6nnen.<\/p>\n<\/div><\/div><\/div><\/div><div class=\"toggle default\" data-inner-wrap=\"true\"><h3 class=\"toggle-title\"><a href=\"#\" role=\"button\" class=\"nectar-inherit-h3 toggle-heading\"><i role=\"presentation\" class=\"fa fa-plus-circle\"><\/i>Welche Schritte muss ich bei der Bestellung befolgen?<\/a><\/h3><div><div class=\"inner-toggle-wrap\"><div class=\"nectar-responsive-text font_size_min_14px font_size_max_20px font_size_desktop_1-1vw font_line_height_1-6 nectar-link-underline-effect\"><p>Sie m\u00fcssen das Personalisierungsfeld ausf\u00fcllen (Name des Haustiers, Schriftart) und uns einige Fotos Ihres Haustieres \u00fcber Etsy-Nachrichten oder per E-Mail an order@puccha.com senden.<\/p>\n<\/div><\/div><\/div><\/div><div class=\"toggle default\" data-inner-wrap=\"true\"><h3 class=\"toggle-title\"><a href=\"#\" role=\"button\" class=\"nectar-inherit-h3 toggle-heading\"><i role=\"presentation\" class=\"fa fa-plus-circle\"><\/i>Bekomme ich einen Profi f\u00fcr das Design?<\/a><\/h3><div><div class=\"inner-toggle-wrap\"><div class=\"nectar-responsive-text font_size_min_14px font_size_max_20px font_size_desktop_1-1vw font_line_height_1-6 nectar-link-underline-effect\"><p>Ja, wir bereiten das Musterdesign vor und senden es Ihnen innerhalb von 24 Stunden zur Genehmigung zu.<\/p>\n<\/div><\/div><\/div><\/div><div class=\"toggle default\" data-inner-wrap=\"true\"><h3 class=\"toggle-title\"><a href=\"#\" role=\"button\" class=\"nectar-inherit-h3 toggle-heading\"><i role=\"presentation\" class=\"fa fa-plus-circle\"><\/i>Wie viele Revisionsanfragen kann ich senden?<\/a><\/h3><div><div class=\"inner-toggle-wrap\"><div class=\"nectar-responsive-text font_size_min_14px font_size_max_20px font_size_desktop_1-1vw font_line_height_1-6 nectar-link-underline-effect\"><p>Wir bieten unbegrenzte \u00dcberarbeitungen an<\/p>\n<\/div><\/div><\/div><\/div><\/div>\n\n\n\n\n\n\n\n\n\n\n\n\n\n\n\n\n\n\n\n\n\t\t\t<\/div> \n\t\t<\/div>\n\t<\/div> \n<\/div><\/div>","protected":false},"excerpt":{"rendered":"Frequently Asked Questions How can I place an order?Each of the product link will navigate you to our Etsy store where you can place your order. Which steps do I...","protected":false},"author":1,"featured_media":0,"parent":0,"menu_order":0,"comment_status":"closed","ping_status":"closed","template":"","meta":{"footnotes":""},"_links":{"self":[{"href":"https:\/\/puccha.com\/de\/wp-json\/wp\/v2\/pages\/3830"}],"collection":[{"href":"https:\/\/puccha.com\/de\/wp-json\/wp\/v2\/pages"}],"about":[{"href":"https:\/\/puccha.com\/de\/wp-json\/wp\/v2\/types\/page"}],"author":[{"embeddable":true,"href":"https:\/\/puccha.com\/de\/wp-json\/wp\/v2\/users\/1"}],"replies":[{"embeddable":true,"href":"https:\/\/puccha.com\/de\/wp-json\/wp\/v2\/comments?post=3830"}],"version-history":[{"count":11,"href":"https:\/\/puccha.com\/de\/wp-json\/wp\/v2\/pages\/3830\/revisions"}],"predecessor-version":[{"id":4130,"href":"https:\/\/puccha.com\/de\/wp-json\/wp\/v2\/pages\/3830\/revisions\/4130"}],"wp:attachment":[{"href":"https:\/\/puccha.com\/de\/wp-json\/wp\/v2\/media?parent=3830"}],"curies":[{"name":"wp","href":"https:\/\/api.w.org\/{rel}","templated":true}]}}