{"id":3,"date":"2023-09-23T11:22:14","date_gmt":"2023-09-23T11:22:14","guid":{"rendered":"https:\/\/puccha.com\/?page_id=3"},"modified":"2023-11-24T05:31:59","modified_gmt":"2023-11-24T10:31:59","slug":"privacy-policy","status":"publish","type":"page","link":"https:\/\/puccha.com\/de\/datenschutzrichtlinie\/","title":{"rendered":"Datenschutzrichtlinie"},"content":{"rendered":"<div id=\"fws_69d04d1a8995e\"  data-column-margin=\"default\" data-midnight=\"dark\" data-top-percent=\"3%\" data-bottom-percent=\"8%\"  class=\"wpb_row vc_row-fluid vc_row\"  style=\"padding-top: calc(100vw * 0.03); padding-bottom: calc(100vw * 0.08); \"><div class=\"row-bg-wrap\" data-bg-animation=\"none\" data-bg-animation-delay=\"\" data-bg-overlay=\"false\"><div class=\"inner-wrap row-bg-layer\" ><div class=\"row-bg viewport-desktop\"  style=\"\"><\/div><\/div><\/div><div class=\"row_col_wrap_12 col span_12 dark left\">\n\t<div  class=\"vc_col-sm-2 vc_hidden-xs wpb_column column_container vc_column_container col nectar-sticky-column no-extra-padding inherit_tablet inherit_phone\"  data-padding-pos=\"all\" data-has-bg-color=\"false\" data-bg-color=\"\" data-bg-opacity=\"1\" data-animation=\"\" data-delay=\"0\" >\n\t\t<div class=\"vc_column-inner\" >\n\t\t\t<div class=\"wpb_wrapper\">\n\t\t\t\t<div class=\"img-with-aniamtion-wrap\" data-max-width=\"100%\" data-max-width-mobile=\"default\" data-border-radius=\"10px\" data-shadow=\"small_depth\" data-animation=\"none\" >\n      <div class=\"inner\">\n        <div class=\"hover-wrap\"> \n          <div class=\"hover-wrap-inner\">\n            <img loading=\"lazy\" decoding=\"async\" class=\"img-with-animation skip-lazy\" data-delay=\"0\" height=\"512\" width=\"512\" data-animation=\"none\" src=\"https:\/\/puccha.com\/wp-content\/uploads\/2023\/11\/cropped-favicon.png\" alt=\"\" srcset=\"https:\/\/puccha.com\/wp-content\/uploads\/2023\/11\/cropped-favicon.png 512w, https:\/\/puccha.com\/wp-content\/uploads\/2023\/11\/cropped-favicon-300x300.png 300w, https:\/\/puccha.com\/wp-content\/uploads\/2023\/11\/cropped-favicon-150x150.png 150w, https:\/\/puccha.com\/wp-content\/uploads\/2023\/11\/cropped-favicon-140x140.png 140w, https:\/\/puccha.com\/wp-content\/uploads\/2023\/11\/cropped-favicon-100x100.png 100w, https:\/\/puccha.com\/wp-content\/uploads\/2023\/11\/cropped-favicon-500x500.png 500w, https:\/\/puccha.com\/wp-content\/uploads\/2023\/11\/cropped-favicon-350x350.png 350w, https:\/\/puccha.com\/wp-content\/uploads\/2023\/11\/cropped-favicon-270x270.png 270w, https:\/\/puccha.com\/wp-content\/uploads\/2023\/11\/cropped-favicon-192x192.png 192w, https:\/\/puccha.com\/wp-content\/uploads\/2023\/11\/cropped-favicon-180x180.png 180w, https:\/\/puccha.com\/wp-content\/uploads\/2023\/11\/cropped-favicon-32x32.png 32w\" sizes=\"(max-width: 512px) 100vw, 512px\" \/>\n          <\/div>\n        <\/div>\n      <\/div>\n    <\/div>\n\t\t\t<\/div> \n\t\t<\/div>\n\t<\/div> \n\n\t<div  class=\"vc_col-sm-10 wpb_column column_container vc_column_container col padding-2-percent inherit_tablet inherit_phone\"  data-padding-pos=\"all\" data-has-bg-color=\"false\" data-bg-color=\"\" data-bg-opacity=\"1\" data-animation=\"\" data-delay=\"0\" >\n\t\t<div class=\"vc_column-inner\" >\n\t\t\t<div class=\"wpb_wrapper\">\n\t\t\t\t<h1 style=\"font-size: 3vw;color: #592c39;line-height: 1.1;text-align: left\" class=\"vc_custom_heading vc_custom_1700821910200\" >Datenschutzrichtlinie<\/h1>\n<div class=\"wpb_text_column wpb_content_element\" >\n\t<div class=\"wpb_wrapper\">\n\t\t<p>Diese Datenschutzrichtlinie (\u201eDatenschutzrichtlinie\u201c) beschreibt die Arten personenbezogener Daten, die wir \u00fcber Einzelpersonen auf www.puccha.com (die \u201eWebsite\u201c) sammeln, wie wir die Informationen verwenden d\u00fcrfen, mit wem wir sie teilen d\u00fcrfen, Ihre Rechte und die Wahlm\u00f6glichkeiten hinsichtlich unserer Verwendung der Informationen. Die Datenschutzrichtlinie beschreibt au\u00dferdem die Ma\u00dfnahmen, die wir ergreifen, um die personenbezogenen Daten zu sch\u00fctzen, wie lange wir sie aufbewahren und wie Einzelpersonen uns bez\u00fcglich unserer Datenschutzpraktiken kontaktieren und ihre Rechte aus\u00fcben k\u00f6nnen.<\/p>\n<h4>Informationen, die wir erhalten<\/h4>\n<p>Im Zusammenhang mit Ihrer Nutzung der Website stellen Sie uns auf verschiedene Weise personenbezogene Daten zur Verf\u00fcgung. Zu den Arten personenbezogener Daten, die wir erhalten, geh\u00f6ren personenbezogene Daten, die in den von Ihnen \u00fcbermittelten Inhalten enthalten sind, beispielsweise wenn Sie uns eine E-Mail senden, indem Sie auf der Website auf Hyperlinks zur E-Mail-Adresse von Puccha klicken. Sie sind nicht verpflichtet, diese Informationen bereitzustellen. Wenn Sie dies jedoch nicht tun, k\u00f6nnen wir Ihnen m\u00f6glicherweise bestimmte unserer Dienste und Funktionen der Website nicht anbieten.<\/p>\n<h4>Wie verwenden wir die Informationen, die wir erhalten?<\/h4>\n<p>Wir nutzen die Informationen, die wir auf der Website erhalten, auf der Grundlage unserer berechtigten Interessen, die wir auf Anfrage gerne n\u00e4her erl\u00e4utern, unter anderem um:<\/p>\n<ul class=\"cresa_list_item\">\n<li><i class=\"ion ion-ios-checkmark\"><\/i>Bereitstellung unserer Dienstleistungen f\u00fcr Sie,<\/li>\n<li><i class=\"ion ion-ios-checkmark\"><\/i>Vermarkten Sie unsere Dienstleistungen f\u00fcr Sie,<\/li>\n<li><i class=\"ion ion-ios-checkmark\"><\/i>Beantwortung Ihrer W\u00fcnsche und Anfragen,<\/li>\n<li><i class=\"ion ion-ios-checkmark\"><\/i>Ihnen Newsletter und andere Mitteilungen zuzusenden, wenn Sie sich f\u00fcr deren Erhalt anmelden,<\/li>\n<li><i class=\"ion ion-ios-checkmark\"><\/i>Betreiben, Bewerten und Verbessern unseres Gesch\u00e4fts (einschlie\u00dflich der Entwicklung neuer Dienste, der Verbesserung und Verbesserung unserer Dienste, der Verwaltung unserer Kommunikation und der Durchf\u00fchrung von Buchhaltungs-, Pr\u00fcfungs- und anderen internen Funktionen),<\/li>\n<li><i class=\"ion ion-ios-checkmark\"><\/i>Sch\u00fctzen Sie sich vor Betrug und anderen kriminellen Aktivit\u00e4ten, Anspr\u00fcchen und anderen Verbindlichkeiten, erkennen und verhindern Sie diese.<\/li>\n<\/ul>\n<p>Wir k\u00f6nnen die pers\u00f6nlichen Daten, die wir auf der Website erhalten, auch verwenden, um unsere Dienste zu analysieren, Ihr Erlebnis auf der Website zu personalisieren und Datenanalysen und Marktforschung durchzuf\u00fchren. Gem\u00e4\u00df den geltenden Gesetzen holen wir Ihre Einwilligung zur Verarbeitung personenbezogener Daten f\u00fcr diese Zwecke ein. Wir k\u00f6nnen die von uns erhaltenen Informationen auch auf andere Weise verwenden, auf die wir zum Zeitpunkt der Erhebung ausdr\u00fccklich hinweisen.<\/p>\n<h4>Automatisierte Datenerfassung<\/h4>\n<p>Wenn Sie die Website nutzen, erhalten wir bestimmte Informationen auf automatisierte Weise, wie zum Beispiel Browser-Cookies und Pixel-Tags. Zu den Informationen, die wir auf diese Weise erhalten, geh\u00f6ren die IP-Adresse Ihres Ger\u00e4ts, der Dom\u00e4nenname, mit Ihren Ger\u00e4ten verkn\u00fcpfte Kennungen, Typ und Eigenschaften des Ger\u00e4ts und Betriebssystems, Eigenschaften des Webbrowsers, Spracheinstellungen, Clickstream-Daten und Ihre Interaktionen mit der Website (z. B. dem Web). die von Ihnen besuchten Seiten, die von Ihnen angeklickten Links und die von Ihnen genutzten Funktionen), die Seiten, die Sie zur Website gef\u00fchrt oder verwiesen haben, Datum und Uhrzeit des Zugriffs auf die Website sowie andere Informationen \u00fcber Ihre Nutzung der Website.<\/p>\n<p>Ein \u201eCookie\u201c ist eine Textdatei, die Websites an den Computer oder ein anderes mit dem Internet verbundenes Ger\u00e4t eines Besuchers senden, um den Browser des Besuchers eindeutig zu identifizieren oder Informationen oder Einstellungen im Browser zu speichern. Diese Technologie hilft uns, (1) Ihre Daten zu speichern, sodass Sie sie nicht erneut eingeben m\u00fcssen; (2) nachverfolgen und verstehen, wie Sie die Website nutzen und mit ihr interagieren; (3) Passen Sie die Website an Ihre Vorlieben an; (4) die Benutzerfreundlichkeit der Website messen; (5) die Wirksamkeit unserer Kommunikation verstehen; und (6) die Website anderweitig zu verwalten und zu verbessern.<\/p>\n<p>Soweit gesetzlich erforderlich, holen wir Ihre Einwilligung ein, bevor wir nicht unbedingt erforderliche Cookies oder \u00e4hnliche Technologien auf Ihrem Computer platzieren. Sie k\u00f6nnen das Herunterladen bestimmter Arten von Cookies auf Ihren Computer verhindern, indem Sie die entsprechenden Einstellungen in Ihrem Webbrowser ausw\u00e4hlen. In den meisten Webbrowsern erfahren Sie, wie Sie die Annahme neuer Browser-Cookies stoppen, benachrichtigt werden, wenn Sie ein neues Browser-Cookie erhalten, und wie Sie vorhandene Cookies deaktivieren k\u00f6nnen. Sie k\u00f6nnen herausfinden, wie Sie dies f\u00fcr Ihren speziellen Browser tun, indem Sie im Men\u00fc Ihres Browsers auf \u201eHilfe\u201c klicken oder www.allaboutcookies.org besuchen. Die Website ist nicht darauf ausgelegt, auf von Browsern empfangene \u201eDo Not Track\u201c-Signale zu reagieren. Bitte beachten Sie, dass Sie ohne Cookies oder andere automatisierte Tools m\u00f6glicherweise nicht alle Funktionen der Website nutzen k\u00f6nnen. Um mehr \u00fcber die Verwendung von Cookies zu erfahren und wie Sie Ihre Cookie-Einstellungen verwalten k\u00f6nnen, besuchen Sie bitte unsere Cookie-Richtlinie.<\/p>\n<p>Wir erfassen keine personenbezogenen Daten \u00fcber Ihre Online-Aktivit\u00e4ten im Laufe der Zeit oder \u00fcber Websites, Ger\u00e4te oder andere Online-Dienste Dritter. Auf der Website nutzen wir Online-Analysedienste von Drittanbietern, beispielsweise die von Google Analytics. Soweit gesetzlich vorgeschrieben, werden wir Ihre Einwilligung einholen, bevor wir Analyse-Cookies von Drittanbietern verwenden. Die Dienstanbieter, die diese Analysedienste verwalten, verwenden automatisierte Technologien, um Daten (wie E-Mail-Adresse, IP-Adressen, Cookies und andere Ger\u00e4tekennungen) zu sammeln, um beispielsweise die Nutzung der Website auszuwerten und technische Probleme zu diagnostizieren. Um mehr \u00fcber Google Analytics und die Verwaltung Ihrer Pr\u00e4ferenzen zu erfahren, besuchen Sie bitte\u00a0<a href=\"https:\/\/support.google.com\/analytics\/answer\/6004245\" target=\"_blank\" rel=\"noopener\">https:\/\/support.google.com\/analytics\/answer\/6004245<\/a>.<\/p>\n<h4>Informationsaustausch<\/h4>\n<p>Wir geben keine personenbezogenen Daten weiter, die wir \u00fcber Sie erhalten, au\u00dfer wie in dieser Datenschutzrichtlinie beschrieben. Wir geben Ihre personenbezogenen Daten f\u00fcr die in dieser Datenschutzrichtlinie beschriebenen Zwecke an unsere (1) Tochtergesellschaften und verbundenen Unternehmen und (2) Dienstleister weiter, die in unserem Namen Dienstleistungen erbringen, einschlie\u00dflich Datenanalyseanbietern. Wir gestatten unseren Dienstleistern nicht, die Informationen zu verwenden oder weiterzugeben, es sei denn, dies ist zur Erbringung von Dienstleistungen in unserem Namen oder zur Einhaltung gesetzlicher Anforderungen erforderlich.<\/p>\n<p>Wir k\u00f6nnen auch Informationen \u00fcber Sie offenlegen, (1) wenn wir gesetzlich oder gerichtlich dazu verpflichtet sind (z. B. durch einen Gerichtsbeschluss oder eine Vorladung); (2) als Reaktion auf Anfragen von Regierungsbeh\u00f6rden, beispielsweise Strafverfolgungsbeh\u00f6rden; (3) zur Geltendmachung, Aus\u00fcbung oder Verteidigung unserer gesetzlichen Rechte; (4) wenn wir glauben, dass eine Offenlegung notwendig oder angemessen ist, um k\u00f6rperliche oder andere Sch\u00e4den oder finanzielle Verluste zu verhindern; (5) im Zusammenhang mit einer Untersuchung vermuteter oder tats\u00e4chlicher illegaler Aktivit\u00e4ten; (6) f\u00fcr den Fall, dass wir unser Unternehmen oder unsere Verm\u00f6genswerte ganz oder teilweise verkaufen oder \u00fcbertragen (einschlie\u00dflich im Falle einer Umstrukturierung, Aufl\u00f6sung oder Liquidation); oder (7) anderweitig mit Ihrer Zustimmung.<\/p>\n<h4>Daten\u00fcbertragungen<\/h4>\n<p>Wir \u00fcbermitteln die von uns \u00fcber Sie erfassten personenbezogenen Daten an Drittanbieter in anderen L\u00e4ndern als dem Land, in dem die Daten urspr\u00fcnglich erfasst wurden, einschlie\u00dflich der USA. In diesen L\u00e4ndern gelten m\u00f6glicherweise nicht die gleichen Datenschutzgesetze wie in dem Land, in dem Sie sie urspr\u00fcnglich bereitgestellt haben die Information. Wenn wir Ihre Daten an Empf\u00e4nger in diesen L\u00e4ndern \u00fcbermitteln, werden wir diese Daten wie in dieser Datenschutzrichtlinie beschrieben sch\u00fctzen und die geltenden gesetzlichen Anforderungen einhalten, um einen angemessenen Schutz f\u00fcr die \u00dcbermittlung personenbezogener Daten an Empf\u00e4nger in anderen L\u00e4ndern als dem, in dem Sie sich befinden, zu gew\u00e4hrleisten hat die Informationen bereitgestellt.<\/p>\n<h4>Ihre Rechte und M\u00f6glichkeiten<\/h4>\n<p>Wir bieten Ihnen bestimmte Wahlm\u00f6glichkeiten im Zusammenhang mit den personenbezogenen Daten, die wir \u00fcber Sie erhalten. Um Ihre Pr\u00e4ferenzen zu aktualisieren, Ihre Informationen zu aktualisieren oder zu korrigieren, die Kommunikation, die Sie von uns erhalten, einzuschr\u00e4nken oder eine Anfrage zu stellen, kontaktieren Sie uns bitte wie im Abschnitt \u201eKontaktaufnahme\u201c dieser Datenschutzrichtlinie angegeben. Sie k\u00f6nnen sich auch von unseren Marketing-Mailinglisten abmelden, indem Sie in unseren E-Mails auf den Link \u201eAbbestellen\u201c klicken.<\/p>\n<p>Soweit das geltende Recht dies vorsieht, haben Sie das Recht, (1) Zugang zu den personenbezogenen Daten zu verlangen, die wir \u00fcber Sie speichern; (2) verlangen, dass wir die Informationen aktualisieren, korrigieren, erg\u00e4nzen, l\u00f6schen oder einschr\u00e4nken; oder (3) Sie \u00fcben Ihr Recht auf Daten\u00fcbertragbarkeit aus, indem Sie uns wie unten angegeben kontaktieren. Abh\u00e4ngig von Ihrem Standort haben Sie m\u00f6glicherweise das Recht, eine Beschwerde bei einer staatlichen Aufsichtsbeh\u00f6rde einzureichen, wenn Sie mit unserer Antwort nicht zufrieden sind. Wenn Sie im EWR ans\u00e4ssig sind und mit unseren Antworten nicht zufrieden sind, k\u00f6nnen Sie eine Beschwerde bei der Datenschutzbeh\u00f6rde Ihres Wohnsitzlandes, Ihres Arbeitsplatzes oder des Ortes des mutma\u00dflichen Versto\u00dfes gegen die DSGVO einreichen. Soweit gesetzlich vorgesehen, k\u00f6nnen Sie Ihre uns zuvor erteilte Einwilligung jederzeit widerrufen oder der Verarbeitung Ihrer personenbezogenen Daten aus berechtigten Gr\u00fcnden im Zusammenhang mit Ihrer besonderen Situation widersprechen. Wir werden Ihre Pr\u00e4ferenzen k\u00fcnftig ber\u00fccksichtigen. Um Ihre Privatsph\u00e4re zu sch\u00fctzen und die Sicherheit zu gew\u00e4hrleisten, k\u00f6nnen wir Ma\u00dfnahmen ergreifen, um Ihre Identit\u00e4t zu \u00fcberpr\u00fcfen, bevor wir Ihnen Zugriff auf Ihre Daten gew\u00e4hren. Soweit gesetzlich zul\u00e4ssig, kann eine Geb\u00fchr anfallen, bevor wir Ihnen eine Kopie Ihrer von uns gespeicherten personenbezogenen Daten zur Verf\u00fcgung stellen.<\/p>\n<h4>Andere Online-Dienste und Funktionen von Drittanbietern<\/h4>\n<p>Die Website kann zu Ihrer Bequemlichkeit und Information Links zu anderen Online-Diensten und Websites bereitstellen (z. B. Facebook-, Vimeo-Instagram-, LinkedIn- und Twitter-Schaltfl\u00e4chen). Diese Dienste, Websites und Funktionen Dritter k\u00f6nnen unabh\u00e4ngig von uns betrieben werden. Die Datenschutzpraktiken dieser Dritten, einschlie\u00dflich Einzelheiten zu den Informationen, die sie m\u00f6glicherweise \u00fcber Sie sammeln, unterliegen den Datenschutzerkl\u00e4rungen dieser Parteien, deren Durchsicht wir Ihnen dringend empfehlen. Soweit verlinkte Online-Dienste oder Funktionen Dritter nicht Eigentum von uns sind oder von uns kontrolliert werden, ist Puccha nicht f\u00fcr die Informationspraktiken dieser Dritten verantwortlich.<\/p>\n<h4>Speicherung personenbezogener Daten<\/h4>\n<p>Soweit gesetzlich zul\u00e4ssig, bewahren wir personenbezogene Daten, die wir \u00fcber Sie erhalten, f\u00fcr die Dauer unserer Beziehung mit Ihnen auf, zuz\u00fcglich eines angemessenen Zeitraums, um regelm\u00e4\u00dfige L\u00f6schroutinen durchf\u00fchren zu k\u00f6nnen, die geltenden Verj\u00e4hrungsfristen zu ber\u00fccksichtigen oder um zwingend geltendes Recht einhalten.<\/p>\n<h4>Wie sch\u00fctzen wir personenbezogene Daten?<\/h4>\n<p>Wir unterhalten administrative, technische und physische Sicherheitsvorkehrungen, um personenbezogene Daten, die wir \u00fcber die Website erhalten, vor versehentlicher, rechtswidriger oder unbefugter Zerst\u00f6rung, Verlust, \u00c4nderung, Zugriff, Offenlegung oder Nutzung zu sch\u00fctzen.<\/p>\n<h4>Wie Sie uns erreichen?<\/h4>\n<p>Um Ihre Pr\u00e4ferenzen zu aktualisieren, Ihre Informationen zu aktualisieren oder zu korrigieren, eine Anfrage zu stellen, uns Fragen zu dieser Datenschutzrichtlinie zu stellen oder andere geltende Datenschutzrechte auszu\u00fcben, kontaktieren Sie uns bitte per E-Mail unter info@puccha.com.<\/p>\n\t<\/div>\n<\/div>\n\n\n\n\n\t\t\t<\/div> \n\t\t<\/div>\n\t<\/div> \n<\/div><\/div>","protected":false},"excerpt":{"rendered":"Privacy Policy This privacy policy (\u201cPrivacy Policy\u201d) describes the types of personal information we collect about individuals on www.puccha.com (the \u201cSite\u201d), how we may use the information, with whom we...","protected":false},"author":1,"featured_media":0,"parent":0,"menu_order":0,"comment_status":"closed","ping_status":"open","template":"","meta":{"footnotes":""},"_links":{"self":[{"href":"https:\/\/puccha.com\/de\/wp-json\/wp\/v2\/pages\/3"}],"collection":[{"href":"https:\/\/puccha.com\/de\/wp-json\/wp\/v2\/pages"}],"about":[{"href":"https:\/\/puccha.com\/de\/wp-json\/wp\/v2\/types\/page"}],"author":[{"embeddable":true,"href":"https:\/\/puccha.com\/de\/wp-json\/wp\/v2\/users\/1"}],"replies":[{"embeddable":true,"href":"https:\/\/puccha.com\/de\/wp-json\/wp\/v2\/comments?post=3"}],"version-history":[{"count":7,"href":"https:\/\/puccha.com\/de\/wp-json\/wp\/v2\/pages\/3\/revisions"}],"predecessor-version":[{"id":4079,"href":"https:\/\/puccha.com\/de\/wp-json\/wp\/v2\/pages\/3\/revisions\/4079"}],"wp:attachment":[{"href":"https:\/\/puccha.com\/de\/wp-json\/wp\/v2\/media?parent=3"}],"curies":[{"name":"wp","href":"https:\/\/api.w.org\/{rel}","templated":true}]}}