{"id":2618,"date":"2023-11-16T08:40:13","date_gmt":"2023-11-16T13:40:13","guid":{"rendered":"https:\/\/puccha.com\/?page_id=2618"},"modified":"2023-11-24T08:51:01","modified_gmt":"2023-11-24T13:51:01","slug":"about-us","status":"publish","type":"page","link":"https:\/\/puccha.com\/de\/uber-uns\/","title":{"rendered":"About Us"},"content":{"rendered":"<div id=\"fws_69d04e60d79f1\"  data-column-margin=\"default\" data-midnight=\"dark\" data-top-percent=\"3%\" data-bottom-percent=\"8%\"  class=\"wpb_row vc_row-fluid vc_row\"  style=\"padding-top: calc(100vw * 0.03); padding-bottom: calc(100vw * 0.08); \"><div class=\"row-bg-wrap\" data-bg-animation=\"none\" data-bg-animation-delay=\"\" data-bg-overlay=\"false\"><div class=\"inner-wrap row-bg-layer\" ><div class=\"row-bg viewport-desktop\"  style=\"\"><\/div><\/div><\/div><div class=\"row_col_wrap_12 col span_12 dark left\">\n\t<div  class=\"vc_col-sm-6 wpb_column column_container vc_column_container col right_padding_desktop_4pct bottom_padding_desktop_3pct\"  data-padding-pos=\"all\" data-has-bg-color=\"false\" data-bg-color=\"\" data-bg-opacity=\"1\" data-animation=\"\" data-delay=\"0\" >\n\t\t<div class=\"vc_column-inner\" >\n\t\t\t<div class=\"wpb_wrapper\">\n\t\t\t\t<div class=\"img-with-aniamtion-wrap\" data-max-width=\"100%\" data-max-width-mobile=\"default\" data-border-radius=\"5px\" data-shadow=\"none\" data-animation=\"none\" >\n      <div class=\"inner\">\n        <div class=\"hover-wrap\"> \n          <div class=\"hover-wrap-inner\">\n            <img loading=\"lazy\" decoding=\"async\" class=\"img-with-animation skip-lazy\" data-delay=\"0\" height=\"1200\" width=\"1200\" data-animation=\"none\" src=\"https:\/\/puccha.com\/wp-content\/uploads\/2023\/11\/2314.jpg\" alt=\"\" srcset=\"https:\/\/puccha.com\/wp-content\/uploads\/2023\/11\/2314.jpg 1200w, https:\/\/puccha.com\/wp-content\/uploads\/2023\/11\/2314-300x300.jpg 300w, https:\/\/puccha.com\/wp-content\/uploads\/2023\/11\/2314-1024x1024.jpg 1024w, https:\/\/puccha.com\/wp-content\/uploads\/2023\/11\/2314-150x150.jpg 150w, https:\/\/puccha.com\/wp-content\/uploads\/2023\/11\/2314-768x768.jpg 768w, https:\/\/puccha.com\/wp-content\/uploads\/2023\/11\/2314-12x12.jpg 12w, https:\/\/puccha.com\/wp-content\/uploads\/2023\/11\/2314-140x140.jpg 140w, https:\/\/puccha.com\/wp-content\/uploads\/2023\/11\/2314-100x100.jpg 100w, https:\/\/puccha.com\/wp-content\/uploads\/2023\/11\/2314-500x500.jpg 500w, https:\/\/puccha.com\/wp-content\/uploads\/2023\/11\/2314-350x350.jpg 350w, https:\/\/puccha.com\/wp-content\/uploads\/2023\/11\/2314-1000x1000.jpg 1000w, https:\/\/puccha.com\/wp-content\/uploads\/2023\/11\/2314-800x800.jpg 800w\" sizes=\"(max-width: 1200px) 100vw, 1200px\" \/>\n          <\/div>\n        <\/div>\n      <\/div>\n    <\/div>\n\t\t\t<\/div> \n\t\t<\/div>\n\t<\/div> \n\n\t<div  class=\"vc_col-sm-6 wpb_column column_container vc_column_container col no-extra-padding inherit_tablet inherit_phone\"  data-padding-pos=\"all\" data-has-bg-color=\"false\" data-bg-color=\"\" data-bg-opacity=\"1\" data-animation=\"\" data-delay=\"0\" >\n\t\t<div class=\"vc_column-inner\" >\n\t\t\t<div class=\"wpb_wrapper\">\n\t\t\t\t<div class=\"nectar-split-heading  font_line_height_1-1\" data-align=\"default\" data-m-align=\"inherit\" data-text-effect=\"default\" data-animation-type=\"line-reveal-by-space\" data-animation-delay=\"0\" data-animation-offset=\"\" data-m-rm-animation=\"\" data-stagger=\"true\" data-custom-font-size=\"false\" ><h2 style=\"max-width: 550px; color: #592c39;\">Individuelle Fotodesigns f\u00fcr Ihren tierischen Freund!<\/h2><\/div>\n<div class=\"wpb_text_column wpb_content_element\" style=\" max-width: 550px; display: inline-block;\">\n\t<div class=\"wpb_wrapper\">\n\t\t<p>Alles begann mit einer Familiendiskussion dar\u00fcber, wie sehr wir unsere Haustiere lieben, von denen einige mittlerweile freie Seelen sind. Wir dachten: \u201eWarum stecken wir unsere Liebe zu ihnen nicht in die Produkte, die wir am h\u00e4ufigsten verwenden?\u201c<\/p>\n<p>Wir haben PucchaStudio als Familienunternehmen gegr\u00fcndet, um Verbrauchern, die genauso denken wie wir, die M\u00f6glichkeit zu geben, ihre Liebe zu ihren Haustieren auf jede erdenkliche Weise zu zeigen.<\/p>\n<p>PucchaStudio bietet der Welt hochwertige personalisierte und auf Bestellung angefertigte Fotodesigns f\u00fcr eine gro\u00dfe Produktpalette, die Verbraucher in ihre t\u00e4glichen Routinen integrieren m\u00f6chten.<\/p>\n\t<\/div>\n<\/div>\n\n\n\n<div class=\"divider-wrap\" data-alignment=\"default\"><div style=\"height: 40px;\" class=\"divider\"><\/div><\/div><h3 style=\"font-size: 24px;text-align: left\" class=\"vc_custom_heading\" >Team<\/h3><div id=\"fws_69d04e60d8555\" data-midnight=\"\" data-column-margin=\"default\" class=\"wpb_row vc_row-fluid vc_row inner_row team\"  style=\"\"><div class=\"row-bg-wrap\"> <div class=\"row-bg\" ><\/div> <\/div><div class=\"row_col_wrap_12_inner col span_12  left\">\n\t<div style=\"margin-top: 10px; margin-bottom: 10px; \" class=\"vc_col-sm-6 wpb_column column_container vc_column_container col child_column no-extra-padding inherit_tablet inherit_phone\"   data-padding-pos=\"all\" data-has-bg-color=\"false\" data-bg-color=\"\" data-bg-opacity=\"1\" data-animation=\"\" data-delay=\"0\" >\n\t\t<div class=\"vc_column-inner\" >\n\t\t<div class=\"wpb_wrapper\">\n\t\t\t<blockquote class=\"nectar_single_testimonial\" data-color=\"default\" data-style=\"small_modern\"><div class=\"inner\"> <p><span class=\"open-quote\">&#8221;<\/span> <\/p><div data-shadow=\"\" class=\"image-icon\" style=\"background-image: url(https:\/\/puccha.com\/wp-content\/uploads\/2023\/11\/Sinem.webp);\"><\/div><span class=\"wrap\"><span>Sinem<\/span><span class=\"title\">Inhaber, Designer<\/span><\/span><\/div><\/blockquote>\n\t\t<\/div> \n\t<\/div>\n\t<\/div> \n\n\t<div style=\"margin-top: 10px; margin-bottom: 10px; \" class=\"vc_col-sm-6 wpb_column column_container vc_column_container col child_column no-extra-padding inherit_tablet inherit_phone\"   data-padding-pos=\"all\" data-has-bg-color=\"false\" data-bg-color=\"\" data-bg-opacity=\"1\" data-animation=\"\" data-delay=\"0\" >\n\t\t<div class=\"vc_column-inner\" >\n\t\t<div class=\"wpb_wrapper\">\n\t\t\t<blockquote class=\"nectar_single_testimonial\" data-color=\"default\" data-style=\"small_modern\"><div class=\"inner\"> <p><span class=\"open-quote\">&#8221;<\/span> <\/p><div data-shadow=\"\" class=\"image-icon\" style=\"background-image: url(https:\/\/puccha.com\/wp-content\/uploads\/2023\/11\/Bora.webp);\"><\/div><span class=\"wrap\"><span>Bora<\/span><span class=\"title\">Designer, Vermarkter<\/span><\/span><\/div><\/blockquote>\n\t\t<\/div> \n\t<\/div>\n\t<\/div> \n\n\t<div style=\"margin-top: 10px; margin-bottom: 10px; \" class=\"vc_col-sm-6 wpb_column column_container vc_column_container col child_column no-extra-padding inherit_tablet inherit_phone\"   data-padding-pos=\"all\" data-has-bg-color=\"false\" data-bg-color=\"\" data-bg-opacity=\"1\" data-animation=\"\" data-delay=\"0\" >\n\t\t<div class=\"vc_column-inner\" >\n\t\t<div class=\"wpb_wrapper\">\n\t\t\t<blockquote class=\"nectar_single_testimonial\" data-color=\"default\" data-style=\"small_modern\"><div class=\"inner\"> <p><span class=\"open-quote\">&#8221;<\/span> <\/p><div data-shadow=\"\" class=\"image-icon\" style=\"background-image: url(https:\/\/puccha.com\/wp-content\/uploads\/2023\/11\/Baran.webp);\"><\/div><span class=\"wrap\"><span>Baran<\/span><span class=\"title\">Designer<\/span><\/span><\/div><\/blockquote>\n\t\t<\/div> \n\t<\/div>\n\t<\/div> \n\n\t<div style=\"margin-top: 10px; margin-bottom: 10px; \" class=\"vc_col-sm-6 wpb_column column_container vc_column_container col child_column no-extra-padding inherit_tablet inherit_phone\"   data-padding-pos=\"all\" data-has-bg-color=\"false\" data-bg-color=\"\" data-bg-opacity=\"1\" data-animation=\"\" data-delay=\"0\" >\n\t\t<div class=\"vc_column-inner\" >\n\t\t<div class=\"wpb_wrapper\">\n\t\t\t<blockquote class=\"nectar_single_testimonial\" data-color=\"default\" data-style=\"small_modern\"><div class=\"inner\"> <p><span class=\"open-quote\">&#8221;<\/span> <\/p><div data-shadow=\"\" class=\"image-icon\" style=\"background-image: url(https:\/\/puccha.com\/wp-content\/uploads\/2023\/11\/default_avatar_75x75.png);\"><\/div><span class=\"wrap\"><span>Berkant<\/span><span class=\"title\">Designer<\/span><\/span><\/div><\/blockquote>\n\t\t<\/div> \n\t<\/div>\n\t<\/div> \n<\/div><\/div>\n\t\t\t<\/div> \n\t\t<\/div>\n\t<\/div> \n<\/div><\/div>","protected":false},"excerpt":{"rendered":"Custom Photo Designs for your Animal Friend! It all started with a family discussion about how much we love our pets, some of which are free souls now. We thought...","protected":false},"author":1,"featured_media":0,"parent":0,"menu_order":0,"comment_status":"closed","ping_status":"closed","template":"","meta":{"footnotes":""},"_links":{"self":[{"href":"https:\/\/puccha.com\/de\/wp-json\/wp\/v2\/pages\/2618"}],"collection":[{"href":"https:\/\/puccha.com\/de\/wp-json\/wp\/v2\/pages"}],"about":[{"href":"https:\/\/puccha.com\/de\/wp-json\/wp\/v2\/types\/page"}],"author":[{"embeddable":true,"href":"https:\/\/puccha.com\/de\/wp-json\/wp\/v2\/users\/1"}],"replies":[{"embeddable":true,"href":"https:\/\/puccha.com\/de\/wp-json\/wp\/v2\/comments?post=2618"}],"version-history":[{"count":19,"href":"https:\/\/puccha.com\/de\/wp-json\/wp\/v2\/pages\/2618\/revisions"}],"predecessor-version":[{"id":4125,"href":"https:\/\/puccha.com\/de\/wp-json\/wp\/v2\/pages\/2618\/revisions\/4125"}],"wp:attachment":[{"href":"https:\/\/puccha.com\/de\/wp-json\/wp\/v2\/media?parent=2618"}],"curies":[{"name":"wp","href":"https:\/\/api.w.org\/{rel}","templated":true}]}}